{"id":1471,"date":"2019-09-30T09:18:53","date_gmt":"2019-09-30T09:18:53","guid":{"rendered":"https:\/\/ewaw.itcilo.org\/are-you-a-policy-maker\/"},"modified":"2021-01-28T10:42:39","modified_gmt":"2021-01-28T10:42:39","slug":"are-you-a-policy-maker","status":"publish","type":"page","link":"https:\/\/ewaw.itcilo.org\/es\/are-you-a-policy-maker\/","title":{"rendered":"Are you a Policy Maker?"},"content":{"rendered":"<div id='av-layout-grid-1'  class='av-layout-grid-container entry-content-wrapper main_color av-flex-cells     avia-builder-el-0  el_before_av_one_full  avia-builder-el-first  many-people container_wrap sidebar_right' style=' '  >\n<div class=\"flex_cell no_margin av_one_half  avia-builder-el-1  el_before_av_cell_one_half  avia-builder-el-first   av-zero-padding \"  style='background: #633c78; vertical-align:middle; padding:0px; background-color:#633c78; ' ><div class='flex_cell_inner' ><p><section class=\"av_textblock_section \"  itemscope=\"itemscope\" itemtype=\"https:\/\/schema.org\/CreativeWork\" ><div class='avia_textblock title-shifted av_inherit_color '  style='color:#ffffff; '  itemprop=\"text\" ><p><span class=\"titled maint\">\u00bfPARTICIPA UD. EN LA FORMULACI\u00d3N DE POL\u00cdTICAS? <\/span><\/p>\n<\/div><\/section><br \/>\n<div class=\"flex_column av_one_full  no_margin flex_column_div first  avia-builder-el-3  el_after_av_textblock  avia-builder-el-last  column-top-margin\" style='background: #633c78; padding:50px; background-color:#633c78; border-radius:0px; '><section class=\"av_textblock_section \"  itemscope=\"itemscope\" itemtype=\"https:\/\/schema.org\/CreativeWork\" ><div class='avia_textblock  av_inherit_color '  style='color:#ffffff; '  itemprop=\"text\" ><p class=\"p1\"><b>\u00bfCu\u00e1les son los beneficios de las pol\u00edticas y pr\u00e1cticas de trabajo con perspectiva de g\u00e9nero?<\/b><\/p>\n<p class=\"p3\"><span style=\"font-weight: 400;\">Si bien muchos gobiernos han asumido compromisos para fomentar la igualdad de g\u00e9nero, conscientes de sus efectos positivos en el desarrollo econ\u00f3mico y social, y reconocen que es fundamental para alcanzar los Objetivos de Desarrollo Sostenible y un Futuro del Trabajo m\u00e1s brillante, a\u00fan queda bastante por hacer para reducir las diferencias en materia de igualdad entre los g\u00e9neros.<\/span><\/p>\n<p class=\"p3\"><span class=\"s1\"><span style=\"font-weight: 400;\">Dato: si se alcanza la meta del G20 de \u201c25 para el 25\u201d, concretamente la reducci\u00f3n de la brecha de g\u00e9nero en la participaci\u00f3n en la fuerza de trabajo en 25 puntos porcentuales para 2025, el PIB mundial podr\u00eda aumentar en un 3,9%, es decir US$ 5,8 billones, seg\u00fan la OIT.<\/span><\/span><\/p>\n<p>OIT, <a href=\"https:\/\/www.ilo.org\/wcmsp5\/groups\/public\/---dgreports\/---inst\/documents\/publication\/wcms_557245.pdf\" target=\"_blank\" rel=\"noopener noreferrer\"> Perspectivas Sociales y del Empleo en el Mundo: Tendencias del Empleo Femenino<\/a>, 2017, 18<\/p>\n<\/div><\/section><\/div><\/p>\n<\/div><\/div><div class=\"flex_cell no_margin av_one_half  avia-builder-el-5  el_after_av_cell_one_half  avia-builder-el-last   \" ><div class='flex_cell_inner' ><\/div><\/div>\n<\/div><div id='after_submenu_1'  class='main_color av_default_container_wrap container_wrap sidebar_right' style=' '  ><div class='container' ><div class='template-page content  av-content-small alpha units'><div class='post-entry post-entry-type-page post-entry-1471'><div class='entry-content-wrapper clearfix'>\n<div class=\"flex_column av_one_full  av-animated-generic fade-in  flex_column_div first  avia-builder-el-6  el_after_av_layout_row  avia-builder-el-no-sibling  cont-time \" style='padding:0px 0px 150px 0px ; border-radius:0px; '><p><div  style='padding-bottom:10px; ' class='av-special-heading av-special-heading-h1  blockquote modern-quote modern-centered  avia-builder-el-7  el_before_av_timeline  avia-builder-el-first  '><h1 class='av-special-heading-tag '  itemprop=\"headline\"  >5 RAZONES DEL PORQU\u00c9<\/h1><div class ='av-subheading av-subheading_below  ' style='font-size:15px;'><p>5 RAZONES DEL PORQU\u00c9 la igualdad de g\u00e9nero en el trabajo debe ser parte integral<br \/>\nde las pol\u00edticas p\u00fablicas dirigidas por los gobiernos.<\/p>\n<\/div><div class='special-heading-border'><div class='special-heading-inner-border' ><\/div><\/div><\/div><br \/>\n<div  id=\"avia-timeline-1\"  class='avia-timeline-container    avia-builder-el-8  el_after_av_heading  avia-builder-el-last ' ><ul class='avia-timeline avia-timeline-vertical av-milestone-placement-alternate avia-timeline- avia_animate_when_almost_visible avia-timeline-animate'>\n<li  class='av-milestone av-animated-generic fade-in av-milestone-odd  av-milestone-valign-middle '><h2 class='av-milestone-date  '  id='milestone-la-igualdad-de-genero-es-una-cuestion-dederechos'><strong> La igualdad de g\u00e9nero es una cuesti\u00f3n de<br \/>\nDERECHOS.<span class='av-milestone-indicator'><\/span><\/strong><\/h2><div class=\"av-milestone-icon-wrap\"><span class='milestone_icon avia-font-entypo-fontello' ><span class='milestone_inner' ><i class='milestone-char' aria-hidden='true' data-av_icon='\ue89a' data-av_iconfont='entypo-fontello'><\/i><\/span><\/span><\/div><article class='av-milestone-content-wrap'><div class='av-milestone-contentbox' ><div class='av-milestone-content' ><\/div><\/div><footer  class='entry-footer'><\/footer><\/article><\/li>\n<li  class='av-milestone av-animated-generic fade-in av-milestone-even  av-milestone-valign-middle '><h2 class='av-milestone-date  '  id='milestone-el-aumento-del-empleo-femenino-esta-positivamente-asociado-con-el-crecimiento-del-pib-el-logro-de-la-igualdad-de-genero-puede-contribuir-a-la-economia-mundial-y-ayudar-a-reducir-la-brecha-de-habilida'><strong>El aumento del empleo femenino est\u00e1 positivamente asociado con el crecimiento del PIB. El logro de la igualdad de g\u00e9nero puede contribuir a la econom\u00eda mundial y ayudar a reducir la brecha de habilidades en el creciente sector de la tecnolog\u00eda.<span class='av-milestone-indicator'><\/span><\/strong><\/h2><article class='av-milestone-content-wrap'><div class='av-milestone-contentbox' ><div class='av-milestone-content' ><\/div><\/div><footer  class='entry-footer'><\/footer><\/article><div class=\"av-milestone-icon-wrap\"><span class='milestone_icon avia-font-entypo-fontello' ><span class='milestone_inner' ><i class='milestone-char' aria-hidden='true' data-av_icon='\ue89a' data-av_iconfont='entypo-fontello'><\/i><\/span><\/span><\/div><h2 class='av-milestone-date  '  id='milestone-el-aumento-del-empleo-femenino-esta-positivamente-asociado-con-el-crecimiento-del-pib-el-logro-de-la-igualdad-de-genero-puede-contribuir-a-la-economia-mundial-y-ayudar-a-reducir-la-brecha-de-habilida'><strong>El aumento del empleo femenino est\u00e1 positivamente asociado con el crecimiento del PIB. El logro de la igualdad de g\u00e9nero puede contribuir a la econom\u00eda mundial y ayudar a reducir la brecha de habilidades en el creciente sector de la tecnolog\u00eda.<span class='av-milestone-indicator'><\/span><\/strong><\/h2><\/li>\n<li  class='av-milestone av-animated-generic fade-in av-milestone-odd  av-milestone-valign-middle '><h2 class='av-milestone-date  '  id='milestone-el-empoderamiento-de-las-mujeres-y-las-ninas-es-fundamental-para-lograr-un-mundo-sostenible-justo-e-inclusivo-y-un-futuro-mejor-para-todos-y-todas'><strong>El empoderamiento de las mujeres y las ni\u00f1as es fundamental para lograr un mundo sostenible, justo e INCLUSIVO; y un futuro mejor para todos y todas.<span class='av-milestone-indicator'><\/span><\/strong><\/h2><div class=\"av-milestone-icon-wrap\"><span class='milestone_icon avia-font-entypo-fontello' ><span class='milestone_inner' ><i class='milestone-char' aria-hidden='true' data-av_icon='\ue89a' data-av_iconfont='entypo-fontello'><\/i><\/span><\/span><\/div><article class='av-milestone-content-wrap'><div class='av-milestone-contentbox' ><div class='av-milestone-content' ><\/div><\/div><footer  class='entry-footer'><\/footer><\/article><\/li>\n<li  class='av-milestone av-animated-generic fade-in av-milestone-even  av-milestone-valign-middle '><h2 class='av-milestone-date  '  id='milestone-las-politicas-deben-apoyar-las-crecientes-necesidades-de-las-empresas-en-materia-de-habilidades-adaptables-y-asegurar-que-las-inversiones-en-la-educacion-de-las-ninas-y-las-mujeres-se-traduzcan-en-ven'><strong>Las pol\u00edticas deben apoyar las crecientes necesidades de las empresas en materia de HABILIDADES ADAPTABLES y asegurar que las inversiones en la educaci\u00f3n de las ni\u00f1as y las mujeres se traduzcan en ventajas competitivas para las sociedades y la econom\u00eda.<span class='av-milestone-indicator'><\/span><\/strong><\/h2><article class='av-milestone-content-wrap'><div class='av-milestone-contentbox' ><div class='av-milestone-content' ><\/div><\/div><footer  class='entry-footer'><\/footer><\/article><div class=\"av-milestone-icon-wrap\"><span class='milestone_icon avia-font-entypo-fontello' ><span class='milestone_inner' ><i class='milestone-char' aria-hidden='true' data-av_icon='\ue89a' data-av_iconfont='entypo-fontello'><\/i><\/span><\/span><\/div><h2 class='av-milestone-date  '  id='milestone-las-politicas-deben-apoyar-las-crecientes-necesidades-de-las-empresas-en-materia-de-habilidades-adaptables-y-asegurar-que-las-inversiones-en-la-educacion-de-las-ninas-y-las-mujeres-se-traduzcan-en-ven'><strong>Las pol\u00edticas deben apoyar las crecientes necesidades de las empresas en materia de HABILIDADES ADAPTABLES y asegurar que las inversiones en la educaci\u00f3n de las ni\u00f1as y las mujeres se traduzcan en ventajas competitivas para las sociedades y la econom\u00eda.<span class='av-milestone-indicator'><\/span><\/strong><\/h2><\/li>\n<li  class='av-milestone av-animated-generic fade-in av-milestone-odd  av-milestone-valign-middle '><h2 class='av-milestone-date  '  id='milestone-en-los-objetivos-de-desarrollo-sostenible-se-insta-explicitamente-a-los-responsables-de-la-formulacion-de-politicas-a-que-aborden-las-prioridades-mundiales-y-al-mismo-tiempo-aumenten-las-oportunidad'><strong>En los Objetivos de Desarrollo Sostenible se insta expl\u00edcitamente a los responsables de la formulaci\u00f3n de pol\u00edticas a que aborden las prioridades mundiales y, al mismo tiempo, aumenten las oportunidades de desarrollo del comercio y del sector privado. Las pol\u00edticas p\u00fablicas deben permitir a las empresas aprovechar al m\u00e1ximo todos los talentos existentes e invertir, crear e INNOVAR para hacer frente a los desaf\u00edos del desarrollo sostenible en el mundo.<span class='av-milestone-indicator'><\/span><\/strong><\/h2><div class=\"av-milestone-icon-wrap\"><span class='milestone_icon avia-font-entypo-fontello' ><span class='milestone_inner' ><i class='milestone-char' aria-hidden='true' data-av_icon='\ue89a' data-av_iconfont='entypo-fontello'><\/i><\/span><\/span><\/div><article class='av-milestone-content-wrap'><div class='av-milestone-contentbox' ><div class='av-milestone-content' ><\/div><\/div><footer  class='entry-footer'><\/footer><\/article><\/li>\n<li  class='av-milestone av-animated-generic fade-in av-milestone-even  av-milestone-valign-middle '><h2 class='av-milestone-date  '  id='milestone-quiere-saber-mas-sobre-como-fomentar-la-igualdad-de-genero-y-el-empoderamiento-de-las-mujeres-en-el-lugar-de-trabajo-mediante-politicas-y-practicas-dirijase-a-we-master-nuestra-sala-de-formaci'><strong>\u00bfQuiere saber m\u00e1s sobre c\u00f3mo fomentar la igualdad de g\u00e9nero y el empoderamiento de las mujeres en el lugar de trabajo mediante pol\u00edticas y pr\u00e1cticas? DIR\u00cdJASE A WE-MASTER, nuestra sala de formaci\u00f3n.<br \/>\n<a href=\"es\/training-room\">WE-MASTER<\/a><span class='av-milestone-indicator'><\/span><\/strong><\/h2><article class='av-milestone-content-wrap'><div class='av-milestone-contentbox' ><div class='av-milestone-content' ><\/div><\/div><footer  class='entry-footer'><\/footer><\/article><div class=\"av-milestone-icon-wrap\"><span class='milestone_icon avia-font-entypo-fontello' ><span class='milestone_inner' ><i class='milestone-char' aria-hidden='true' data-av_icon='\ue89a' data-av_iconfont='entypo-fontello'><\/i><\/span><\/span><\/div><h2 class='av-milestone-date  '  id='milestone-quiere-saber-mas-sobre-como-fomentar-la-igualdad-de-genero-y-el-empoderamiento-de-las-mujeres-en-el-lugar-de-trabajo-mediante-politicas-y-practicas-dirijase-a-we-master-nuestra-sala-de-formaci'><strong>\u00bfQuiere saber m\u00e1s sobre c\u00f3mo fomentar la igualdad de g\u00e9nero y el empoderamiento de las mujeres en el lugar de trabajo mediante pol\u00edticas y pr\u00e1cticas? DIR\u00cdJASE A WE-MASTER, nuestra sala de formaci\u00f3n.<br \/>\n<a href=\"es\/training-room\">WE-MASTER<\/a><span class='av-milestone-indicator'><\/span><\/strong><\/h2><\/li>\n<\/ul><\/div><\/p><\/div>\n","protected":false},"excerpt":{"rendered":"","protected":false},"author":1,"featured_media":0,"parent":0,"menu_order":0,"comment_status":"closed","ping_status":"closed","template":"","meta":{"footnotes":""},"class_list":["post-1471","page","type-page","status-publish","hentry"],"_links":{"self":[{"href":"https:\/\/ewaw.itcilo.org\/es\/wp-json\/wp\/v2\/pages\/1471","targetHints":{"allow":["GET"]}}],"collection":[{"href":"https:\/\/ewaw.itcilo.org\/es\/wp-json\/wp\/v2\/pages"}],"about":[{"href":"https:\/\/ewaw.itcilo.org\/es\/wp-json\/wp\/v2\/types\/page"}],"author":[{"embeddable":true,"href":"https:\/\/ewaw.itcilo.org\/es\/wp-json\/wp\/v2\/users\/1"}],"replies":[{"embeddable":true,"href":"https:\/\/ewaw.itcilo.org\/es\/wp-json\/wp\/v2\/comments?post=1471"}],"version-history":[{"count":3,"href":"https:\/\/ewaw.itcilo.org\/es\/wp-json\/wp\/v2\/pages\/1471\/revisions"}],"predecessor-version":[{"id":1547,"href":"https:\/\/ewaw.itcilo.org\/es\/wp-json\/wp\/v2\/pages\/1471\/revisions\/1547"}],"wp:attachment":[{"href":"https:\/\/ewaw.itcilo.org\/es\/wp-json\/wp\/v2\/media?parent=1471"}],"curies":[{"name":"wp","href":"https:\/\/api.w.org\/{rel}","templated":true}]}}