{"id":1522,"date":"2019-12-09T13:27:16","date_gmt":"2019-12-09T13:27:16","guid":{"rendered":"https:\/\/ewaw.itcilo.org\/we-mentor\/"},"modified":"2021-04-08T13:33:51","modified_gmt":"2021-04-08T13:33:51","slug":"we-mentor","status":"publish","type":"page","link":"https:\/\/ewaw.itcilo.org\/es\/we-mentor\/","title":{"rendered":"We mentor"},"content":{"rendered":"<div id='av-layout-grid-1'  class='av-layout-grid-container entry-content-wrapper main_color av-flex-cells     avia-builder-el-0  el_before_av_section  avia-builder-el-first  many-people container_wrap sidebar_right' style=' '  >\n<div class=\"flex_cell no_margin av_one_half  avia-builder-el-1  el_before_av_cell_one_half  avia-builder-el-first   av-zero-padding \"  style='background: #633c78; vertical-align:middle; padding:0px; background-color:#633c78; ' ><div class='flex_cell_inner' ><section class=\"av_textblock_section \"  itemscope=\"itemscope\" itemtype=\"https:\/\/schema.org\/CreativeWork\" ><div class='avia_textblock title-shifted av_inherit_color '  style='color:#ffffff; '  itemprop=\"text\" ><p><span class=\"titled maint\">WE-MENTOR:<br \/>\nAPOYO Y RECURSOS A MEDIDA<\/span><\/p>\n<\/div><\/section>\n<\/div><\/div><div class=\"flex_cell no_margin av_one_half  avia-builder-el-3  el_after_av_cell_one_half  avia-builder-el-last   \" ><div class='flex_cell_inner' ><\/div><\/div>\n<\/div>\n<div id='av_section_1'  class='avia-section main_color avia-section-default avia-no-border-styling  avia-bg-style-scroll  avia-builder-el-4  el_after_av_layout_row  el_before_av_section   container_wrap sidebar_right' style='background-color: #ffffff;  '  ><div class='container' ><div class='template-page content  av-content-small alpha units'><div class='post-entry post-entry-type-page post-entry-1522'><div class='entry-content-wrapper clearfix'>\n<div class='flex_column_table av-equal-height-column-flextable -flextable' ><div class=\"flex_column av_one_half  flex_column_table_cell av-equal-height-column av-align-top av-zero-column-padding first  avia-builder-el-5  el_before_av_one_half  avia-builder-el-first  \" style='border-radius:0px; '><p><div  style='padding-bottom:10px; ' class='av-special-heading av-special-heading-h1  blockquote modern-quote  avia-builder-el-6  el_before_av_textblock  avia-builder-el-first  '><h1 class='av-special-heading-tag '  itemprop=\"headline\"  >WE-MENTOR<\/h1><div class='special-heading-border'><div class='special-heading-inner-border' ><\/div><\/div><\/div><br \/>\n<section class=\"av_textblock_section \"  itemscope=\"itemscope\" itemtype=\"https:\/\/schema.org\/CreativeWork\" ><div class='avia_textblock  av_inherit_color '   itemprop=\"text\" ><p>WE-MENTOR ofrece varias formas de apoyo a las organizaciones de empleadores o a las empresas interesadas que deseen acelerar el progreso hacia la igualdad de g\u00e9nero.<\/p>\n<p>S\u00edrvase consultar el programa SCORE de la OIT si desea conocer c\u00f3mo la metodolog\u00eda MIG-SCORE puede ayudar a mejorar la productividad de las empresas.<\/p>\n<\/div><\/section><\/p><\/div><div class='av-flex-placeholder'><\/div><div class=\"flex_column av_one_half  flex_column_table_cell av-equal-height-column av-align-top av-zero-column-padding   avia-builder-el-8  el_after_av_one_half  avia-builder-el-last  \" style='border-radius:0px; '><div  class='avia-video avia-video-16-9   av-lazyload-immediate  av-lazyload-video-embed  '   itemprop=\"video\" itemtype=\"https:\/\/schema.org\/VideoObject\"  data-original_url='https:\/\/www.youtube.com\/watch?v=XfvIgRRdxnY' ><script type='text\/html' class='av-video-tmpl'><div class='avia-iframe-wrap'><iframe loading=\"lazy\" title=\"MIG SCORE Video - English Version\" width=\"1500\" height=\"844\" src=\"https:\/\/www.youtube.com\/embed\/XfvIgRRdxnY?feature=oembed&autoplay=0&loop=0&controls=1&mute=0\" frameborder=\"0\" allow=\"accelerometer; autoplay; encrypted-media; gyroscope; picture-in-picture\" allowfullscreen><\/iframe><\/div><\/script><div class='av-click-to-play-overlay'><div class=\"avia_playpause_icon\"><\/div><\/div><\/div><\/div><\/div><!--close column table wrapper. Autoclose: 1 -->\n\n<\/div><\/div><\/div><!-- close content main div --><\/div><\/div><div id='av_section_2'  class='avia-section main_color avia-section-default avia-no-border-styling  avia-bg-style-scroll  avia-builder-el-10  el_after_av_section  avia-builder-el-last   container_wrap sidebar_right' style='background-color: #f4f3f3;  '  ><div class='container' ><div class='template-page content  av-content-small alpha units'><div class='post-entry post-entry-type-page post-entry-1522'><div class='entry-content-wrapper clearfix'>\n<div class='flex_column_table av-equal-height-column-flextable -flextable' ><div class=\"flex_column av_one_half  flex_column_table_cell av-equal-height-column av-align-top av-zero-column-padding first  avia-builder-el-11  el_before_av_one_half  avia-builder-el-first  \" style='border-radius:0px; '><p><div  style='padding-bottom:10px; ' class='av-special-heading av-special-heading-h1  blockquote modern-quote  avia-builder-el-12  el_before_av_textblock  avia-builder-el-first  '><h1 class='av-special-heading-tag '  itemprop=\"headline\"  >EL HELPDESK DE LA OIT PARA EMPRESAS<\/h1><div class='special-heading-border'><div class='special-heading-inner-border' ><\/div><\/div><\/div><br \/>\n<section class=\"av_textblock_section \"  itemscope=\"itemscope\" itemtype=\"https:\/\/schema.org\/CreativeWork\" ><div class='avia_textblock  '   itemprop=\"text\" ><p>El <a href=\"https:\/\/www.ilo.org\/empent\/areas\/business-helpdesk\/lang--es\/index.htm\" target=\"_blank\" rel=\"noopener\">Helpdesk de la OIT para Empresas<\/a> es la ventanilla \u00fanica para que la gerencia y los trabajadores y trabajadoras puedan obtener asistencia sobre la manera de alinear mejor sus operaciones de negocios con las normas internacionales del trabajo y establecer buenas relaciones laborales.<\/p>\n<p>Proporciona informaci\u00f3n y recursos sobre una amplia gama de temas laborales, todos ellos derivados de la Declaraci\u00f3n EMN de la OIT, tales como preguntas y respuestas frecuentes y enlaces \u00fatiles sobre: discriminaci\u00f3n e igualdad, trabajo infantil, negociaci\u00f3n colectiva, promoci\u00f3n del empleo, trabajo forzoso, libertad sindical y derecho de sindicaci\u00f3n, pol\u00edticas generales, seguridad y salud en el trabajo (SST), seguridad del empleo, salarios y prestaciones, tiempo de trabajo.<\/p>\n<p>P\u00f3ngase en contacto con el Helpdesk de la OIT para Empresas escribiendo a la direcci\u00f3n de correo electr\u00f3nico <a href=\"mailto:\">assistance@ilo.org<\/a> para obtener informaci\u00f3n sobre los recursos disponibles o asistencia t\u00e9cnica para acelerar el progreso en cuestiones de igualdad de g\u00e9nero. El servicio es gratuito y confidencial y est\u00e1 a disposici\u00f3n de las personas gerentes de empresa, trabajadores y trabajadoras, organismos gubernamentales, organizaciones de empleadores y de trabajadores y otras organizaciones interesadas.<\/p>\n<p>Por favor tome nota de que el Helpdesk no proporciona informaci\u00f3n sobre las legislaciones laborales nacionales ni sobre las pr\u00e1cticas de cada pa\u00eds en materia de relaciones laborales. Para obtener informaci\u00f3n espec\u00edfica de cada pa\u00eds, s\u00edrvase consultar a los ministerios de trabajo nacionales y a las organizaciones nacionales de empleadores y trabajadores.<\/p>\n<\/div><\/section><\/p><\/div><div class='av-flex-placeholder'><\/div><div class=\"flex_column av_one_half  flex_column_table_cell av-equal-height-column av-align-top av-zero-column-padding   avia-builder-el-14  el_after_av_one_half  avia-builder-el-last  \" style='border-radius:0px; '><p><div  style='padding-bottom:10px; ' class='av-special-heading av-special-heading-h1  blockquote modern-quote  avia-builder-el-15  el_before_av_textblock  avia-builder-el-first  '><h1 class='av-special-heading-tag '  itemprop=\"headline\"  >CENTRO DE RECURSOS<\/h1><div class='special-heading-border'><div class='special-heading-inner-border' ><\/div><\/div><\/div><br \/>\n<section class=\"av_textblock_section \"  itemscope=\"itemscope\" itemtype=\"https:\/\/schema.org\/CreativeWork\" ><div class='avia_textblock  '   itemprop=\"text\" ><p>Consulte los recursos de Empower Women para obtener una gama de herramientas, lineamientos e informaci\u00f3n sobre qu\u00e9 pueden hacer las empresas para fomentar el empoderamiento econ\u00f3mico de las mujeres.<\/p>\n<p><a class=\"avia-button avia-icon_select-no avia-color-theme-color avia-size-x-large avia-position-center inverteds\" href=\"https:\/\/www.empowerwomen.org\/es\/resources\/documents\" target=\"_blank\" rel=\"noopener\">IR AL CENTRO DE RECURSOS<\/a><\/p>\n<\/div><\/section><br \/>\n<div   class='hr hr-default   avia-builder-el-17  el_after_av_textblock  el_before_av_heading '><span class='hr-inner ' ><span class='hr-inner-style'><\/span><\/span><\/div><br \/>\n<div  style='padding-bottom:10px; ' class='av-special-heading av-special-heading-h1  blockquote modern-quote  avia-builder-el-18  el_after_av_hr  el_before_av_textblock  '><h1 class='av-special-heading-tag '  itemprop=\"headline\"  >RED DE G\u00c9NERO DE LA ORGANIZACI\u00d3N INTERNACIONAL DE EMPLEADORES (OIE)<\/h1><div class='special-heading-border'><div class='special-heading-inner-border' ><\/div><\/div><\/div><br \/>\n<section class=\"av_textblock_section \"  itemscope=\"itemscope\" itemtype=\"https:\/\/schema.org\/CreativeWork\" ><div class='avia_textblock  '   itemprop=\"text\" ><p>Los miembros de la OIE y las empresas asociadas se han comprometido a hacer frente a la discriminaci\u00f3n de g\u00e9nero como una prioridad en el lugar de trabajo para lograr un cambio sostenible a largo plazo y cosechar los beneficios de la diversidad de g\u00e9nero. \u00danase a la Red de G\u00e9nero de la OIE para promover la diversidad y la igualdad en el lugar de trabajo.<\/p>\n<p><a class=\"avia-button avia-icon_select-no avia-color-theme-color avia-size-x-large avia-position-center inverteds\" href=\"https:\/\/www.ioe-emp.org\/en\/\" target=\"_blank\" rel=\"noopener\">VISITE WWW.IOE.EMP.ORG<\/a><\/p>\n<\/div><\/section><\/p><\/div><\/div><!--close column table wrapper. Autoclose: 1 --><\/div><\/div><\/div><!-- close content main div --><\/div><\/div><div id='after_section_2'  class='main_color av_default_container_wrap container_wrap sidebar_right' style=' '  ><div class='container' ><div class='template-page content  av-content-small alpha units'><div class='post-entry post-entry-type-page post-entry-1522'><div class='entry-content-wrapper clearfix'>\n","protected":false},"excerpt":{"rendered":"","protected":false},"author":1,"featured_media":0,"parent":0,"menu_order":0,"comment_status":"closed","ping_status":"closed","template":"","meta":{"footnotes":""},"class_list":["post-1522","page","type-page","status-publish","hentry"],"_links":{"self":[{"href":"https:\/\/ewaw.itcilo.org\/es\/wp-json\/wp\/v2\/pages\/1522","targetHints":{"allow":["GET"]}}],"collection":[{"href":"https:\/\/ewaw.itcilo.org\/es\/wp-json\/wp\/v2\/pages"}],"about":[{"href":"https:\/\/ewaw.itcilo.org\/es\/wp-json\/wp\/v2\/types\/page"}],"author":[{"embeddable":true,"href":"https:\/\/ewaw.itcilo.org\/es\/wp-json\/wp\/v2\/users\/1"}],"replies":[{"embeddable":true,"href":"https:\/\/ewaw.itcilo.org\/es\/wp-json\/wp\/v2\/comments?post=1522"}],"version-history":[{"count":6,"href":"https:\/\/ewaw.itcilo.org\/es\/wp-json\/wp\/v2\/pages\/1522\/revisions"}],"predecessor-version":[{"id":1930,"href":"https:\/\/ewaw.itcilo.org\/es\/wp-json\/wp\/v2\/pages\/1522\/revisions\/1930"}],"wp:attachment":[{"href":"https:\/\/ewaw.itcilo.org\/es\/wp-json\/wp\/v2\/media?parent=1522"}],"curies":[{"name":"wp","href":"https:\/\/api.w.org\/{rel}","templated":true}]}}