{"id":1006,"date":"2019-10-01T10:36:06","date_gmt":"2019-10-01T10:36:06","guid":{"rendered":"https:\/\/ewaw.itcilo.org\/are-you-company-manager\/"},"modified":"2021-03-04T14:59:48","modified_gmt":"2021-03-04T14:59:48","slug":"etes-vous-un-dirigeant-dentreprise","status":"publish","type":"page","link":"https:\/\/ewaw.itcilo.org\/fr\/etes-vous-un-dirigeant-dentreprise\/","title":{"rendered":"\u00cates-vous un dirigeant d\u2019entreprise\u00a0?"},"content":{"rendered":"<div id='av-layout-grid-1'  class='av-layout-grid-container entry-content-wrapper main_color av-flex-cells     avia-builder-el-0  el_before_av_one_full  avia-builder-el-first  many-people container_wrap sidebar_right' style=' '  >\n<div class=\"flex_cell no_margin av_one_half  avia-builder-el-1  el_before_av_cell_one_half  avia-builder-el-first   av-zero-padding \"  style='background: #633c78; vertical-align:middle; padding:0px; background-color:#633c78; ' ><div class='flex_cell_inner' ><p><section class=\"av_textblock_section \"  itemscope=\"itemscope\" itemtype=\"https:\/\/schema.org\/CreativeWork\" ><div class='avia_textblock title-shifted av_inherit_color '  style='color:#ffffff; '  itemprop=\"text\" ><p><span class=\"titled maint\">\u00caTES-VOUS UN DIRIGEANT D\u2019ENTREPRISE?<br \/>\n<\/span><\/p>\n<\/div><\/section><br \/>\n<div class=\"flex_column av_one_full  no_margin flex_column_div first  avia-builder-el-3  el_after_av_textblock  avia-builder-el-last  column-top-margin\" style='background: #633c78; padding:50px; background-color:#633c78; border-radius:0px; '><section class=\"av_textblock_section \"  itemscope=\"itemscope\" itemtype=\"https:\/\/schema.org\/CreativeWork\" ><div class='avia_textblock  av_inherit_color '  style='color:#ffffff; '  itemprop=\"text\" ><p class=\"p1\"><span class=\"s1\"><b>Comment la soci\u00e9t\u00e9 pourrait-elle b\u00e9n\u00e9ficier de politiques et de pratiques de travail sensibles au genre?<br \/>\n<\/b><\/span><\/p>\n<p class=\"p3\"><span style=\"font-weight: 400;\">Le <\/span><i><span style=\"font-weight: 400;\">mod\u00e8le d\u2019entreprise centr\u00e9 sur l\u2019homme<\/span><\/i><span style=\"font-weight: 400;\"> reconna\u00eet que l\u2019\u00e9galit\u00e9 des sexes am\u00e9liore non seulement la culture de travail d\u2019une entreprise, mais aussi ses avantages concurrentiels. <\/span><\/p>\n<p><span style=\"font-weight: 400;\">\u201c<\/span><b><i>C&#8217;est pour cela que cet aspect n\u2019est pas seulement bon pour la soci\u00e9t\u00e9 mais aussi pour la performance<\/i><\/b><i><\/i><span style=\"font-weight: 400;\">\u201d. En effet, les entreprises qui adoptent l\u2019\u00e9galit\u00e9 ont tendance \u00e0 \u00eatre plus performantes<\/span><br \/>\n<span style=\"font-weight: 400; font-size: 11px!important;\">Clarisse Djabbari, responsable adjointe de Lyxor ETFs &amp; Indexes (tir\u00e9 de Equileap: Gender Equality Global Report &amp; Ranking, \u00e9dition 2018, p. 6)<\/span><\/p>\n<\/div><\/section><\/div><\/p>\n<\/div><\/div><div class=\"flex_cell no_margin av_one_half  avia-builder-el-5  el_after_av_cell_one_half  avia-builder-el-last   \" ><div class='flex_cell_inner' ><\/div><\/div><\/div><div id='after_submenu_1'  class='main_color av_default_container_wrap container_wrap sidebar_right' style=' '  ><div class='container' ><div class='template-page content  av-content-small alpha units'><div class='post-entry post-entry-type-page post-entry-1006'><div class='entry-content-wrapper clearfix'><div class=\"flex_column av_one_full  av-animated-generic fade-in  flex_column_div av-zero-column-padding first  avia-builder-el-6  el_after_av_layout_row  el_before_av_section  avia-builder-el-no-sibling  cont-time \" style='border-radius:0px; '><p><div  style='padding-bottom:10px; ' class='av-special-heading av-special-heading-h1  blockquote modern-quote modern-centered  avia-builder-el-7  el_before_av_timeline  avia-builder-el-first  '><h1 class='av-special-heading-tag '  itemprop=\"headline\"  >CINQ (5) BONNES RAISONS, POURQUOI?<\/h1><div class ='av-subheading av-subheading_below  ' style='font-size:15px;'><p>L\u2019\u00e9galit\u00e9 des sexes et l\u2019\u00e9mancipation de la femme<br \/>\nse marient parfaitement avec les politiques publiques men\u00e9es par les gouvernements.<\/p>\n<\/div><div class='special-heading-border'><div class='special-heading-inner-border' ><\/div><\/div><\/div><br \/>\n<div  id=\"avia-timeline-1\"  class='avia-timeline-container    avia-builder-el-8  el_after_av_heading  avia-builder-el-last ' ><ul class='avia-timeline avia-timeline-vertical av-milestone-placement-alternate avia-timeline- avia_animate_when_almost_visible avia-timeline-animate'>\n<li  class='av-milestone av-animated-generic fade-in av-milestone-odd  av-milestone-valign-middle '><h2 class='av-milestone-date  '  id='milestone-legalite-des-sexes-nest-pas-seulement-une-question-de-droits-mais-aussi-dentreprises-durables-les-investisseurs-surveillent-les-performances-dune-entreprise-en-m'><strong> L\u2018\u00e9galit\u00e9 des sexes n\u2019est pas seulement une question de droits, mais aussi D\u2019ENTREPRISES DURABLES. Les investisseurs surveillent les performances d\u2018une entreprise en mati\u00e8re d\u2019\u00e9galit\u00e9 des genres en tant qu\u2018indicateur de sa croissance future. Lorsque l\u2019\u00e9galit\u00e9 des sexes ne fait pas partie du mod\u00e8le de gestion, les entreprises seront laiss\u00e9es pour compte.<span class='av-milestone-indicator'><\/span><\/strong><\/h2><div class=\"av-milestone-icon-wrap\"><span class='milestone_icon avia-font-entypo-fontello' ><span class='milestone_inner' ><i class='milestone-char' aria-hidden='true' data-av_icon='\ue89a' data-av_iconfont='entypo-fontello'><\/i><\/span><\/span><\/div><article class='av-milestone-content-wrap'><div class='av-milestone-contentbox' ><div class='av-milestone-content' ><\/div><\/div><footer  class='entry-footer'><\/footer><\/article><\/li>\n<li  class='av-milestone av-animated-generic fade-in av-milestone-even  av-milestone-valign-middle '><h2 class='av-milestone-date  '  id='milestone-la-diversite-de-genre-est-une-question-fondamentale-et-tres-importante-car-elle-ameliore-les-resultats-des-entreprises-les-entreprises-qui-ont-suivi-la-diversite-de-genre-ont-fait-etat-dune'><strong> La diversit\u00e9 de genre est une question FONDAMENTALE et TR\u00c8S IMPORTANTE car elle am\u00e9liore les r\u00e9sultats des entreprises. Les entreprises qui ont suivi la diversit\u00e9 de genre ont fait \u00e9tat d\u2019une augmentation de leurs b\u00e9n\u00e9fices de 5 \u00e0 20%.<span class='av-milestone-indicator'><\/span><\/strong><\/h2><article class='av-milestone-content-wrap'><div class='av-milestone-contentbox' ><div class='av-milestone-content' ><\/div><\/div><footer  class='entry-footer'><\/footer><\/article><div class=\"av-milestone-icon-wrap\"><span class='milestone_icon avia-font-entypo-fontello' ><span class='milestone_inner' ><i class='milestone-char' aria-hidden='true' data-av_icon='\ue89a' data-av_iconfont='entypo-fontello'><\/i><\/span><\/span><\/div><h2 class='av-milestone-date  '  id='milestone-la-diversite-de-genre-est-une-question-fondamentale-et-tres-importante-car-elle-ameliore-les-resultats-des-entreprises-les-entreprises-qui-ont-suivi-la-diversite-de-genre-ont-fait-etat-dune'><strong> La diversit\u00e9 de genre est une question FONDAMENTALE et TR\u00c8S IMPORTANTE car elle am\u00e9liore les r\u00e9sultats des entreprises. Les entreprises qui ont suivi la diversit\u00e9 de genre ont fait \u00e9tat d\u2019une augmentation de leurs b\u00e9n\u00e9fices de 5 \u00e0 20%.<span class='av-milestone-indicator'><\/span><\/strong><\/h2><\/li>\n<li  class='av-milestone av-animated-generic fade-in av-milestone-odd  av-milestone-valign-middle '><h2 class='av-milestone-date  '  id='milestone-les-politiques-degalite-des-sexes-attirent-les-talents-autrement-dit-la-qualite-les-entreprises-nexploitent-pas-efficacement-la-moitie-de-la-reserve-mondiale-de-talents-l'><strong>Les politiques d\u2018\u00e9galit\u00e9 des sexes attirent les talents, autrement dit la QUALIT\u00c9. Les entreprises n\u2019exploitent pas efficacement la moiti\u00e9 de la r\u00e9serve mondiale de talents. L\u2018int\u00e9gration effective de la dimension de genre, la prise en compte de l\u2019\u00e9quilibre entre vie professionnelle et vie priv\u00e9e et des conditions de travail d\u00e9centes am\u00e9liorent la r\u00e9putation d\u2019une entreprise.<span class='av-milestone-indicator'><\/span><\/strong><\/h2><div class=\"av-milestone-icon-wrap\"><span class='milestone_icon avia-font-entypo-fontello' ><span class='milestone_inner' ><i class='milestone-char' aria-hidden='true' data-av_icon='\ue89a' data-av_iconfont='entypo-fontello'><\/i><\/span><\/span><\/div><article class='av-milestone-content-wrap'><div class='av-milestone-contentbox' ><div class='av-milestone-content' ><\/div><\/div><footer  class='entry-footer'><\/footer><\/article><\/li>\n<li  class='av-milestone av-animated-generic fade-in av-milestone-even  av-milestone-valign-middle '><h2 class='av-milestone-date  '  id='milestone-lemancipation-de-la-femme-dans-le-monde-du-travail-donne-du-pouvoir-aux-entreprises-les-effets-benefiques-de-la-diversite-de-genres-commencent-a-se-faire-sentir-lorsque-les-femmes-occupent-3'><strong>L\u2018\u00e9mancipation de la femme dans le monde du travail donne du pouvoir aux entreprises. Les effets b\u00e9n\u00e9fiques de la diversit\u00e9 de genres commencent \u00e0 se faire sentir lorsque les femmes occupent 30% des postes de direction et d\u2019encadrement sup\u00e9rieur dans les entreprises.<span class='av-milestone-indicator'><\/span><\/strong><\/h2><article class='av-milestone-content-wrap'><div class='av-milestone-contentbox' ><div class='av-milestone-content' ><\/div><\/div><footer  class='entry-footer'><\/footer><\/article><div class=\"av-milestone-icon-wrap\"><span class='milestone_icon avia-font-entypo-fontello' ><span class='milestone_inner' ><i class='milestone-char' aria-hidden='true' data-av_icon='\ue89a' data-av_iconfont='entypo-fontello'><\/i><\/span><\/span><\/div><h2 class='av-milestone-date  '  id='milestone-lemancipation-de-la-femme-dans-le-monde-du-travail-donne-du-pouvoir-aux-entreprises-les-effets-benefiques-de-la-diversite-de-genres-commencent-a-se-faire-sentir-lorsque-les-femmes-occupent-3'><strong>L\u2018\u00e9mancipation de la femme dans le monde du travail donne du pouvoir aux entreprises. Les effets b\u00e9n\u00e9fiques de la diversit\u00e9 de genres commencent \u00e0 se faire sentir lorsque les femmes occupent 30% des postes de direction et d\u2019encadrement sup\u00e9rieur dans les entreprises.<span class='av-milestone-indicator'><\/span><\/strong><\/h2><\/li>\n<li  class='av-milestone av-animated-generic fade-in av-milestone-odd  av-milestone-valign-middle '><h2 class='av-milestone-date  '  id='milestone-une-culture-dintegration-sur-le-lieu-de-travail-est-un-catalyseur-essentiel-de-la-transformation-des-entreprises-lexperience-commerciale-ameliore-la-creativite-linnovation'><strong>Une culture d\u2018int\u00e9gration sur le lieu de travail est un catalyseur essentiel de la transformation des entreprises. L\u2018exp\u00e9rience commerciale am\u00e9liore la cr\u00e9ativit\u00e9, l\u2019innovation et l\u2019ouverture, et peut mesurer plus efficacement le sentiment du CLIENT.<span class='av-milestone-indicator'><\/span><\/strong><\/h2><div class=\"av-milestone-icon-wrap\"><span class='milestone_icon avia-font-entypo-fontello' ><span class='milestone_inner' ><i class='milestone-char' aria-hidden='true' data-av_icon='\ue89a' data-av_iconfont='entypo-fontello'><\/i><\/span><\/span><\/div><article class='av-milestone-content-wrap'><div class='av-milestone-contentbox' ><div class='av-milestone-content' ><\/div><\/div><footer  class='entry-footer'><\/footer><\/article><\/li>\n<li  class='av-milestone av-animated-generic fade-in av-milestone-even  av-milestone-valign-middle '><h2 class='av-milestone-date  '  id='milestone-vous-voulez-decouvrir-comment-votre-entreprise-contribue-a-faire-progresser-legalite-des-genres-faites-le-test-en-cliquant-icifaites-le-test'><strong>Vous voulez d\u00e9couvrir comment votre entreprise contribue \u00e0 faire progresser l\u2019\u00e9galit\u00e9 des genres? FAITES LE TEST en cliquant ici:<br \/>\n<a href=\"\/fr\/submission-confirmed\/\">FAITES LE TEST<\/a><span class='av-milestone-indicator'><\/span><\/strong><\/h2><article class='av-milestone-content-wrap'><div class='av-milestone-contentbox' ><div class='av-milestone-content' ><\/div><\/div><footer  class='entry-footer'><\/footer><\/article><div class=\"av-milestone-icon-wrap\"><span class='milestone_icon avia-font-entypo-fontello' ><span class='milestone_inner' ><i class='milestone-char' aria-hidden='true' data-av_icon='\ue89a' data-av_iconfont='entypo-fontello'><\/i><\/span><\/span><\/div><h2 class='av-milestone-date  '  id='milestone-vous-voulez-decouvrir-comment-votre-entreprise-contribue-a-faire-progresser-legalite-des-genres-faites-le-test-en-cliquant-icifaites-le-test'><strong>Vous voulez d\u00e9couvrir comment votre entreprise contribue \u00e0 faire progresser l\u2019\u00e9galit\u00e9 des genres? FAITES LE TEST en cliquant ici:<br \/>\n<a href=\"\/fr\/submission-confirmed\/\">FAITES LE TEST<\/a><span class='av-milestone-indicator'><\/span><\/strong><\/h2><\/li>\n<\/ul><\/div><\/p><\/div><\/p>\n<\/div><\/div><\/div><!-- close content main div --><\/div><\/div><div id='av_section_1'  class='avia-section main_color avia-section-default avia-no-border-styling  avia-bg-style-scroll  avia-builder-el-9  el_after_av_one_full  avia-builder-el-last   container_wrap sidebar_right' style='background-color: #68457e;  '  ><div class='container' ><div class='template-page content  av-content-small alpha units'><div class='post-entry post-entry-type-page post-entry-1006'><div class='entry-content-wrapper clearfix'>\n<section class=\"av_textblock_section \"  itemscope=\"itemscope\" itemtype=\"https:\/\/schema.org\/CreativeWork\" ><div class='avia_textblock  av_inherit_color '  style='color:#ffffff; '  itemprop=\"text\" ><p style=\"text-align: center;\">Apprenez comment soutenir la cha\u00eene d&#8217;approvisionnement de votre entreprise<br \/>\nen mettant en \u0153uvre des politiques visant \u00e0 faire progresser l&#8217;\u00e9galit\u00e9 des genres<\/p>\n<\/div><\/section>\n<div  class='avia-button-wrap avia-button-center  avia-builder-el-11  el_after_av_textblock  avia-builder-el-last ' ><a href='\/fr\/invite-your-supply-chain-to-take-the-self-assessment-test\/'  class='avia-button  avia-color-theme-color   avia-icon_select-no avia-size-x-large avia-position-center '   ><span class='avia_iconbox_title' >INVITEZ LES ENTREPRISES DE VOTRE CHA\u00ceNE D\u2019APPROVISIONNEMENT \u00c0 FAIRE LE WE-TEST, UN OUTIL D\u2019AUTO-\u00c9VALUATION<\/span><\/a><\/div>\n<\/div><\/div><\/div><!-- close content main div --><\/div><\/div><div id='after_section_1'  class='main_color av_default_container_wrap container_wrap sidebar_right' style=' '  ><div class='container' ><div class='template-page content  av-content-small alpha units'><div class='post-entry post-entry-type-page post-entry-1006'><div class='entry-content-wrapper clearfix'>\n","protected":false},"excerpt":{"rendered":"","protected":false},"author":1,"featured_media":0,"parent":0,"menu_order":0,"comment_status":"closed","ping_status":"closed","template":"","meta":{"footnotes":""},"class_list":["post-1006","page","type-page","status-publish","hentry"],"_links":{"self":[{"href":"https:\/\/ewaw.itcilo.org\/fr\/wp-json\/wp\/v2\/pages\/1006","targetHints":{"allow":["GET"]}}],"collection":[{"href":"https:\/\/ewaw.itcilo.org\/fr\/wp-json\/wp\/v2\/pages"}],"about":[{"href":"https:\/\/ewaw.itcilo.org\/fr\/wp-json\/wp\/v2\/types\/page"}],"author":[{"embeddable":true,"href":"https:\/\/ewaw.itcilo.org\/fr\/wp-json\/wp\/v2\/users\/1"}],"replies":[{"embeddable":true,"href":"https:\/\/ewaw.itcilo.org\/fr\/wp-json\/wp\/v2\/comments?post=1006"}],"version-history":[{"count":13,"href":"https:\/\/ewaw.itcilo.org\/fr\/wp-json\/wp\/v2\/pages\/1006\/revisions"}],"predecessor-version":[{"id":1799,"href":"https:\/\/ewaw.itcilo.org\/fr\/wp-json\/wp\/v2\/pages\/1006\/revisions\/1799"}],"wp:attachment":[{"href":"https:\/\/ewaw.itcilo.org\/fr\/wp-json\/wp\/v2\/media?parent=1006"}],"curies":[{"name":"wp","href":"https:\/\/api.w.org\/{rel}","templated":true}]}}