{"id":1051,"date":"2019-12-09T13:27:16","date_gmt":"2019-12-09T13:27:16","guid":{"rendered":"https:\/\/ewaw.itcilo.org\/we-mentor\/"},"modified":"2021-03-04T15:01:16","modified_gmt":"2021-03-04T15:01:16","slug":"we-mentor","status":"publish","type":"page","link":"https:\/\/ewaw.itcilo.org\/fr\/we-mentor\/","title":{"rendered":"We mentor"},"content":{"rendered":"<div id='av-layout-grid-1'  class='av-layout-grid-container entry-content-wrapper main_color av-flex-cells     avia-builder-el-0  el_before_av_section  avia-builder-el-first  many-people container_wrap sidebar_right' style=' '  >\n<div class=\"flex_cell no_margin av_one_half  avia-builder-el-1  el_before_av_cell_one_half  avia-builder-el-first   av-zero-padding \"  style='background: #633c78; vertical-align:middle; padding:0px; background-color:#633c78; ' ><div class='flex_cell_inner' ><section class=\"av_textblock_section \"  itemscope=\"itemscope\" itemtype=\"https:\/\/schema.org\/CreativeWork\" ><div class='avia_textblock title-shifted av_inherit_color '  style='color:#ffffff; '  itemprop=\"text\" ><p><span class=\"titled maint\"><br \/>\nWE-MENTOR: SUPPORT ET RESSOURCES SUR MESURE <\/span><\/p>\n<\/div><\/section>\n<\/div><\/div><div class=\"flex_cell no_margin av_one_half  avia-builder-el-3  el_after_av_cell_one_half  avia-builder-el-last   \" ><div class='flex_cell_inner' ><\/div><\/div><\/div><div id='av_section_1'  class='avia-section main_color avia-section-default avia-no-border-styling  avia-bg-style-scroll  avia-builder-el-4  el_after_av_layout_row  el_before_av_section   container_wrap sidebar_right' style='background-color: #ffffff;  '  ><div class='container' ><div class='template-page content  av-content-small alpha units'><div class='post-entry post-entry-type-page post-entry-1051'><div class='entry-content-wrapper clearfix'>\n<div class='flex_column_table av-equal-height-column-flextable -flextable' ><div class=\"flex_column av_one_half  flex_column_table_cell av-equal-height-column av-align-top av-zero-column-padding first  avia-builder-el-5  el_before_av_one_half  avia-builder-el-first  \" style='border-radius:0px; '><p><div  style='padding-bottom:10px; ' class='av-special-heading av-special-heading-h1  blockquote modern-quote  avia-builder-el-6  el_before_av_textblock  avia-builder-el-first  '><h1 class='av-special-heading-tag '  itemprop=\"headline\"  >WE-MENTOR<\/h1><div class='special-heading-border'><div class='special-heading-inner-border' ><\/div><\/div><\/div><br \/>\n<section class=\"av_textblock_section \"  itemscope=\"itemscope\" itemtype=\"https:\/\/schema.org\/CreativeWork\" ><div class='avia_textblock  av_inherit_color '   itemprop=\"text\" ><p>WE-MENTOR offre diverses formes de soutien aux organisations d&#8217;employeurs ou aux entreprises int\u00e9ress\u00e9es qui souhaitent acc\u00e9l\u00e9rer les progr\u00e8s vers l&#8217;\u00e9galit\u00e9 des genres.<\/p>\n<p>Consultez ILO SCORE si vous souhaitez savoir comment la m\u00e9thodologie MIG-SCORE peut contribuer \u00e0 am\u00e9liorer la productivit\u00e9 des entreprises.<\/p>\n<\/div><\/section><\/p><\/div><div class='av-flex-placeholder'><\/div><div class=\"flex_column av_one_half  flex_column_table_cell av-equal-height-column av-align-top av-zero-column-padding   avia-builder-el-8  el_after_av_one_half  avia-builder-el-last  \" style='border-radius:0px; '><div  class='avia-video avia-video-16-9   av-lazyload-immediate  av-lazyload-video-embed  '   itemprop=\"video\" itemtype=\"https:\/\/schema.org\/VideoObject\"  data-original_url='https:\/\/www.youtube.com\/watch?v=XfvIgRRdxnY' ><script type='text\/html' class='av-video-tmpl'><div class='avia-iframe-wrap'><iframe loading=\"lazy\" title=\"MIG SCORE Video - English Version\" width=\"1500\" height=\"844\" src=\"https:\/\/www.youtube.com\/embed\/XfvIgRRdxnY?feature=oembed&autoplay=0&loop=0&controls=1&mute=0\" frameborder=\"0\" allow=\"accelerometer; autoplay; encrypted-media; gyroscope; picture-in-picture\" allowfullscreen><\/iframe><\/div><\/script><div class='av-click-to-play-overlay'><div class=\"avia_playpause_icon\"><\/div><\/div><\/div><\/div><\/div><!--close column table wrapper. Autoclose: 1 -->\n<\/p>\n<\/div><\/div><\/div><!-- close content main div --><\/div><\/div><div id='av_section_2'  class='avia-section main_color avia-section-default avia-no-border-styling  avia-bg-style-scroll  avia-builder-el-10  el_after_av_section  avia-builder-el-last   container_wrap sidebar_right' style='background-color: #f4f3f3;  '  ><div class='container' ><div class='template-page content  av-content-small alpha units'><div class='post-entry post-entry-type-page post-entry-1051'><div class='entry-content-wrapper clearfix'>\n<div class='flex_column_table av-equal-height-column-flextable -flextable' ><div class=\"flex_column av_one_half  flex_column_table_cell av-equal-height-column av-align-top av-zero-column-padding first  avia-builder-el-11  el_before_av_one_half  avia-builder-el-first  \" style='border-radius:0px; '><p><div  style='padding-bottom:10px; ' class='av-special-heading av-special-heading-h1  blockquote modern-quote  avia-builder-el-12  el_before_av_textblock  avia-builder-el-first  '><h1 class='av-special-heading-tag '  itemprop=\"headline\"  >LE BUREAU D\u2018ASSISTANCE AUX ENTREPRISES DE L\u2019OIT <\/h1><div class='special-heading-border'><div class='special-heading-inner-border' ><\/div><\/div><\/div><br \/>\n<section class=\"av_textblock_section \"  itemscope=\"itemscope\" itemtype=\"https:\/\/schema.org\/CreativeWork\" ><div class='avia_textblock  '   itemprop=\"text\" ><p>Le <a href=\"https:\/\/www.ilo.org\/empent\/areas\/business-helpdesk\/lang--en\/index.htm\"> bureau d&#8217;assistance aux entreprises de l&#8217;OIT<\/a> est le guichet unique pour les chefs d&#8217;entreprise et les travailleurs sur la mani\u00e8re de mieux aligner les t\u00e2ches des entreprises par rapport aux normes internationales du travail et de construire de bonnes relations professionnelles.<\/p>\n<p>Il fournit des informations et des ressources sur un large \u00e9ventail de sujets relatifs au travail, toutes d\u00e9riv\u00e9es de la D\u00e9claration EMN de l&#8217;OIT, notamment des questions et r\u00e9ponses (Q&amp;R) et des liens utiles sur des th\u00e8mes tels que: discrimination et \u00e9galit\u00e9; travail des enfants; n\u00e9gociation collective; promotion de l&#8217;emploi; travail forc\u00e9; libert\u00e9 syndicale et droit d&#8217;organisation; politiques g\u00e9n\u00e9rales; s\u00e9curit\u00e9 et sant\u00e9 au travail (SST); s\u00e9curit\u00e9 de l&#8217;emploi; salaires et avantages; temps de travail.<\/p>\n<p>Contactez le bureau d&#8217;assistance \u00e0 l\u2019adresse assistance@ilo.org pour obtenir des informations sur les ressources ou l&#8217;assistance technique disponibles afin d&#8217;acc\u00e9l\u00e9rer les progr\u00e8s sur les questions d&#8217;\u00e9galit\u00e9 des genres. Ce service est gratuit et confidentiel et est \u00e0 la disposition des chefs d&#8217;entreprise, des travailleurs, des agences gouvernementales, des organisations d&#8217;employeurs et de travailleurs et des autres organisations int\u00e9ress\u00e9es.<\/p>\n<p>Notez que le bureau d&#8217;assistance ne fournit pas d&#8217;informations sur les l\u00e9gislations nationales du travail ou les pratiques nationales en mati\u00e8re de relations professionnelles. Pour des informations sp\u00e9cifiques \u00e0 un pays, veuillez consulter les minist\u00e8res nationaux du Travail et les organisations nationales d&#8217;employeurs et de travailleurs.<\/p>\n<\/div><\/section><\/p><\/div><div class='av-flex-placeholder'><\/div><div class=\"flex_column av_one_half  flex_column_table_cell av-equal-height-column av-align-top av-zero-column-padding   avia-builder-el-14  el_after_av_one_half  avia-builder-el-last  \" style='border-radius:0px; '><p><div  style='padding-bottom:10px; ' class='av-special-heading av-special-heading-h1  blockquote modern-quote  avia-builder-el-15  el_before_av_textblock  avia-builder-el-first  '><h1 class='av-special-heading-tag '  itemprop=\"headline\"  >CENTRE DE RESSOURCES<\/h1><div class='special-heading-border'><div class='special-heading-inner-border' ><\/div><\/div><\/div><br \/>\n<section class=\"av_textblock_section \"  itemscope=\"itemscope\" itemtype=\"https:\/\/schema.org\/CreativeWork\" ><div class='avia_textblock  '   itemprop=\"text\" ><p>Consultez les ressources d&#8217;Empower Women pour trouver une multitude d&#8217;outils, de lignes directrices et d&#8217;informations sur ce que les entreprises peuvent faire pour l&#8217;<span style=\"font-weight: 400;\">\u00e9mancipation<\/span> \u00e9conomique des femmes.<\/p>\n<p><a class=\"avia-button avia-icon_select-no avia-color-theme-color avia-size-x-large avia-position-center inverteds\" href=\"https:\/\/www.empowerwomen.org\/en\/resources\/documents\" target=\"_blank\" rel=\"noopener\">Aller au centre de ressources<\/a><\/p>\n<\/div><\/section><br \/>\n<div   class='hr hr-default   avia-builder-el-17  el_after_av_textblock  el_before_av_heading '><span class='hr-inner ' ><span class='hr-inner-style'><\/span><\/span><\/div><br \/>\n<div  style='padding-bottom:10px; ' class='av-special-heading av-special-heading-h1  blockquote modern-quote  avia-builder-el-18  el_after_av_hr  el_before_av_textblock  '><h1 class='av-special-heading-tag '  itemprop=\"headline\"  >Le R\u00e9seau de l\u2018Organisation Internationale des Employeurs (IOE) sur l\u2019\u00c9galit\u00e9 des Genres<\/h1><div class='special-heading-border'><div class='special-heading-inner-border' ><\/div><\/div><\/div><br \/>\n<section class=\"av_textblock_section \"  itemscope=\"itemscope\" itemtype=\"https:\/\/schema.org\/CreativeWork\" ><div class='avia_textblock  '   itemprop=\"text\" ><p>Les membres de l&#8217;OIE et les entreprises partenaires s&#8217;engagent \u00e0 lutter en priorit\u00e9 contre la discrimination sexuelle sur le lieu de travail afin d&#8217;apporter des changements durables \u00e0 long terme et de r\u00e9colter les b\u00e9n\u00e9fices de la diversit\u00e9 sexuelle. Rejoignez le r\u00e9seau de l&#8217;OIE pour promouvoir la diversit\u00e9 et l&#8217;\u00e9galit\u00e9 sur le lieu de travail.<\/p>\n<p><a class=\"avia-button avia-icon_select-no avia-color-theme-color avia-size-x-large avia-position-center inverteds\" href=\"https:\/\/www.ioe-emp.org\/fr\/\" target=\"_blank\" rel=\"noopener\">Visitez Le Site www.ioe.emp.org<\/a><\/p>\n<\/div><\/section><\/p><\/div><\/div><!--close column table wrapper. Autoclose: 1 -->\n<\/div><\/div><\/div><!-- close content main div --><\/div><\/div><div id='after_section_2'  class='main_color av_default_container_wrap container_wrap sidebar_right' style=' '  ><div class='container' ><div class='template-page content  av-content-small alpha units'><div class='post-entry post-entry-type-page post-entry-1051'><div class='entry-content-wrapper clearfix'>\n","protected":false},"excerpt":{"rendered":"","protected":false},"author":1,"featured_media":0,"parent":0,"menu_order":0,"comment_status":"closed","ping_status":"closed","template":"","meta":{"footnotes":""},"class_list":["post-1051","page","type-page","status-publish","hentry"],"_links":{"self":[{"href":"https:\/\/ewaw.itcilo.org\/fr\/wp-json\/wp\/v2\/pages\/1051","targetHints":{"allow":["GET"]}}],"collection":[{"href":"https:\/\/ewaw.itcilo.org\/fr\/wp-json\/wp\/v2\/pages"}],"about":[{"href":"https:\/\/ewaw.itcilo.org\/fr\/wp-json\/wp\/v2\/types\/page"}],"author":[{"embeddable":true,"href":"https:\/\/ewaw.itcilo.org\/fr\/wp-json\/wp\/v2\/users\/1"}],"replies":[{"embeddable":true,"href":"https:\/\/ewaw.itcilo.org\/fr\/wp-json\/wp\/v2\/comments?post=1051"}],"version-history":[{"count":9,"href":"https:\/\/ewaw.itcilo.org\/fr\/wp-json\/wp\/v2\/pages\/1051\/revisions"}],"predecessor-version":[{"id":1825,"href":"https:\/\/ewaw.itcilo.org\/fr\/wp-json\/wp\/v2\/pages\/1051\/revisions\/1825"}],"wp:attachment":[{"href":"https:\/\/ewaw.itcilo.org\/fr\/wp-json\/wp\/v2\/media?parent=1051"}],"curies":[{"name":"wp","href":"https:\/\/api.w.org\/{rel}","templated":true}]}}