{"id":990,"date":"2019-09-30T09:18:53","date_gmt":"2019-09-30T09:18:53","guid":{"rendered":"https:\/\/ewaw.itcilo.org\/are-you-a-policy-maker\/"},"modified":"2021-03-04T14:58:22","modified_gmt":"2021-03-04T14:58:22","slug":"are-you-a-policy-maker","status":"publish","type":"page","link":"https:\/\/ewaw.itcilo.org\/fr\/are-you-a-policy-maker\/","title":{"rendered":"\u00cates-vous un d\u00e9cideur?"},"content":{"rendered":"<div id='av-layout-grid-1'  class='av-layout-grid-container entry-content-wrapper main_color av-flex-cells     avia-builder-el-0  el_before_av_one_full  avia-builder-el-first  many-people container_wrap sidebar_right' style=' '  >\n<div class=\"flex_cell no_margin av_one_half  avia-builder-el-1  el_before_av_cell_one_half  avia-builder-el-first   av-zero-padding \"  style='background: #633c78; vertical-align:middle; padding:0px; background-color:#633c78; ' ><div class='flex_cell_inner' ><p><section class=\"av_textblock_section \"  itemscope=\"itemscope\" itemtype=\"https:\/\/schema.org\/CreativeWork\" ><div class='avia_textblock title-shifted av_inherit_color '  style='color:#ffffff; '  itemprop=\"text\" ><p><span class=\"titled maint\">\u00caTES-VOUS IMPLIQU\u00c9 DANS L&#8217;\u00c9LABORATION DES POLITIQUES?<br \/>\n<\/span><\/p>\n<\/div><\/section><br \/>\n<div class=\"flex_column av_one_full  no_margin flex_column_div first  avia-builder-el-3  el_after_av_textblock  avia-builder-el-last  column-top-margin\" style='background: #633c78; padding:50px; background-color:#633c78; border-radius:0px; '><section class=\"av_textblock_section \"  itemscope=\"itemscope\" itemtype=\"https:\/\/schema.org\/CreativeWork\" ><div class='avia_textblock  av_inherit_color '  style='color:#ffffff; '  itemprop=\"text\" ><p class=\"p1\"><b>Quels sont les avantages des politiques et pratiques de travail sensibles au genre?<\/b><\/p>\n<p class=\"p3\"><span style=\"font-weight: 400;\">Bien que de nombreux gouvernements se soient engag\u00e9s \u00e0 promouvoir l&#8217;\u00e9galit\u00e9 des sexes, en reconnaissant son impact positif sur le d\u00e9veloppement \u00e9conomique et social et en reconnaissant qu&#8217;il est essentiel pour atteindre les objectifs de d\u00e9veloppement durable et un avenir du travail meilleur, il reste encore du travail \u00e0 faire pour r\u00e9duire les \u00e9carts en mati\u00e8re d&#8217;\u00e9galit\u00e9 entre les sexes.<\/span><\/p>\n<p class=\"p3\"><span class=\"s1\"><span style=\"font-weight: 400;\">Fait: en atteignant l\u2019objectif du G20 \u00ab 25 pour 25 \u00bb, \u00e0 savoir r\u00e9duire l\u2019\u00e9cart entre les sexes en mati\u00e8re de participation \u00e0 la vie active de 25 % d\u2019ici 2025, le PIB mondial pourrait augmenter de 3,9%, soit 5,8 milliards de dollars.<\/span><\/span><\/p>\n<p>OIT, <a href=\"https:\/\/www.ilo.org\/wcmsp5\/groups\/public\/---dgreports\/---inst\/documents\/publication\/wcms_557245.pdf\" target=\"_blank\" rel=\"noopener noreferrer\">Perspectives sociales de l&#8217;emploi dans le monde : Tendances pour les femmes<\/a>, 2017, 18<\/p>\n<\/div><\/section><\/div><\/p>\n<\/div><\/div><div class=\"flex_cell no_margin av_one_half  avia-builder-el-5  el_after_av_cell_one_half  avia-builder-el-last   \" ><div class='flex_cell_inner' ><\/div><\/div>\n<\/div><div id='after_submenu_1'  class='main_color av_default_container_wrap container_wrap sidebar_right' style=' '  ><div class='container' ><div class='template-page content  av-content-small alpha units'><div class='post-entry post-entry-type-page post-entry-990'><div class='entry-content-wrapper clearfix'>\n<div class=\"flex_column av_one_full  av-animated-generic fade-in  flex_column_div first  avia-builder-el-6  el_after_av_layout_row  avia-builder-el-no-sibling  cont-time \" style='padding:0px 0px 150px 0px ; border-radius:0px; '><p><div  style='padding-bottom:10px; ' class='av-special-heading av-special-heading-h1  blockquote modern-quote modern-centered  avia-builder-el-7  el_before_av_timeline  avia-builder-el-first  '><h1 class='av-special-heading-tag '  itemprop=\"headline\"  >CINQ (5) BONNES RAISONS, POURQUOI?<\/h1><div class ='av-subheading av-subheading_below  ' style='font-size:15px;'><p>5 BONNES RAISONS pour lesquelles l\u2019\u00e9galit\u00e9 des genres au travail devrait faire partie int\u00e9grante<br \/>\ndes politiques publiques men\u00e9es par les gouvernements.<\/p>\n<\/div><div class='special-heading-border'><div class='special-heading-inner-border' ><\/div><\/div><\/div><br \/>\n<div  id=\"avia-timeline-1\"  class='avia-timeline-container    avia-builder-el-8  el_after_av_heading  avia-builder-el-last ' ><ul class='avia-timeline avia-timeline-vertical av-milestone-placement-alternate avia-timeline- avia_animate_when_almost_visible avia-timeline-animate'>\n<li  class='av-milestone av-animated-generic fade-in av-milestone-odd  av-milestone-valign-middle '><h2 class='av-milestone-date  '  id='milestone-legalite-des-genres-est-une-questionde-droits'><strong>L\u2019\u00e9galit\u00e9 des genres est une question<br \/>\nde DROITS.<span class='av-milestone-indicator'><\/span><\/strong><\/h2><div class=\"av-milestone-icon-wrap\"><span class='milestone_icon avia-font-entypo-fontello' ><span class='milestone_inner' ><i class='milestone-char' aria-hidden='true' data-av_icon='\ue89a' data-av_iconfont='entypo-fontello'><\/i><\/span><\/span><\/div><article class='av-milestone-content-wrap'><div class='av-milestone-contentbox' ><div class='av-milestone-content' ><\/div><\/div><footer  class='entry-footer'><\/footer><\/article><\/li>\n<li  class='av-milestone av-animated-generic fade-in av-milestone-even  av-milestone-valign-middle '><h2 class='av-milestone-date  '  id='milestone-laugmentation-de-lemploi-feminin-est-positivement-associee-a-la-croissance-du-pib-la-reussite-de-legalite-des-sexes-peut-contribuer-a-leconomie-mondiale-et-a-combl'><strong>L\u2019augmentation de l\u2018emploi f\u00e9minin est positivement associ\u00e9e \u00e0 la croissance du PIB. La r\u00e9ussite de l\u2019\u00e9galit\u00e9 des sexes peut contribuer \u00e0 l\u2019\u00e9conomie mondiale et \u00e0 combler le d\u00e9ficit de comp\u00e9tences dans le secteur technologique en pleine croissance.<span class='av-milestone-indicator'><\/span><\/strong><\/h2><article class='av-milestone-content-wrap'><div class='av-milestone-contentbox' ><div class='av-milestone-content' ><\/div><\/div><footer  class='entry-footer'><\/footer><\/article><div class=\"av-milestone-icon-wrap\"><span class='milestone_icon avia-font-entypo-fontello' ><span class='milestone_inner' ><i class='milestone-char' aria-hidden='true' data-av_icon='\ue89a' data-av_iconfont='entypo-fontello'><\/i><\/span><\/span><\/div><h2 class='av-milestone-date  '  id='milestone-laugmentation-de-lemploi-feminin-est-positivement-associee-a-la-croissance-du-pib-la-reussite-de-legalite-des-sexes-peut-contribuer-a-leconomie-mondiale-et-a-combl'><strong>L\u2019augmentation de l\u2018emploi f\u00e9minin est positivement associ\u00e9e \u00e0 la croissance du PIB. La r\u00e9ussite de l\u2019\u00e9galit\u00e9 des sexes peut contribuer \u00e0 l\u2019\u00e9conomie mondiale et \u00e0 combler le d\u00e9ficit de comp\u00e9tences dans le secteur technologique en pleine croissance.<span class='av-milestone-indicator'><\/span><\/strong><\/h2><\/li>\n<li  class='av-milestone av-animated-generic fade-in av-milestone-odd  av-milestone-valign-middle '><h2 class='av-milestone-date  '  id='milestone-lemancipation-de-la-femme-majeures-et-mineures-est-essentielle-a-la-realisation-dun-monde-durable-juste-et-comprehensif-et-dun-meilleur-avenir-pour-tous'><strong>L\u2018\u00e9mancipation de la femme (majeures et mineures) est essentielle \u00e0 la r\u00e9alisation d\u2019un monde durable, juste et COMPR\u00c9HENSIF et d\u2019un meilleur avenir pour tous.<span class='av-milestone-indicator'><\/span><\/strong><\/h2><div class=\"av-milestone-icon-wrap\"><span class='milestone_icon avia-font-entypo-fontello' ><span class='milestone_inner' ><i class='milestone-char' aria-hidden='true' data-av_icon='\ue89a' data-av_iconfont='entypo-fontello'><\/i><\/span><\/span><\/div><article class='av-milestone-content-wrap'><div class='av-milestone-contentbox' ><div class='av-milestone-content' ><\/div><\/div><footer  class='entry-footer'><\/footer><\/article><\/li>\n<li  class='av-milestone av-animated-generic fade-in av-milestone-even  av-milestone-valign-middle '><h2 class='av-milestone-date  '  id='milestone-les-decisions-politiques-doivent-repondre-aux-besoins-croissants-des-entreprises-en-matiere-de-competences-flexibles-et-veiller-a-ce-que-les-investissements-dans-leducation-de-la-femme-majeu'><strong>Les d\u00e9cisions politiques doivent r\u00e9pondre aux besoins croissants des entreprises en mati\u00e8re de COMP\u00c9TENCES FLEXIBLES et veiller \u00e0 ce que les investissements dans l\u2018\u00e9ducation de la femme (majeures et mineures) se transforment en avantages concurrentiels pour les soci\u00e9t\u00e9s et l\u2019\u00e9conomie.<span class='av-milestone-indicator'><\/span><\/strong><\/h2><article class='av-milestone-content-wrap'><div class='av-milestone-contentbox' ><div class='av-milestone-content' ><\/div><\/div><footer  class='entry-footer'><\/footer><\/article><div class=\"av-milestone-icon-wrap\"><span class='milestone_icon avia-font-entypo-fontello' ><span class='milestone_inner' ><i class='milestone-char' aria-hidden='true' data-av_icon='\ue89a' data-av_iconfont='entypo-fontello'><\/i><\/span><\/span><\/div><h2 class='av-milestone-date  '  id='milestone-les-decisions-politiques-doivent-repondre-aux-besoins-croissants-des-entreprises-en-matiere-de-competences-flexibles-et-veiller-a-ce-que-les-investissements-dans-leducation-de-la-femme-majeu'><strong>Les d\u00e9cisions politiques doivent r\u00e9pondre aux besoins croissants des entreprises en mati\u00e8re de COMP\u00c9TENCES FLEXIBLES et veiller \u00e0 ce que les investissements dans l\u2018\u00e9ducation de la femme (majeures et mineures) se transforment en avantages concurrentiels pour les soci\u00e9t\u00e9s et l\u2019\u00e9conomie.<span class='av-milestone-indicator'><\/span><\/strong><\/h2><\/li>\n<li  class='av-milestone av-animated-generic fade-in av-milestone-odd  av-milestone-valign-middle '><h2 class='av-milestone-date  '  id='milestone-les-objectifs-de-developpement-durable-appellent-explicitement-les-decideurs-politiques-a-aborder-les-priorites-mondiales-tout-en-augmentant-les-possibilites-de-developpement-du-commerce-et-du-secteur'><strong>Les objectifs de d\u00e9veloppement durable appellent explicitement les d\u00e9cideurs politiques \u00e0 aborder les priorit\u00e9s mondiales tout en augmentant les possibilit\u00e9s de d\u00e9veloppement du commerce et du secteur priv\u00e9. Les politiques publiques doivent permettre aux entreprises de tirer la meilleure partie de tous les talents existants et d\u2019investir, de cr\u00e9er et d\u2019INNOVER pour relever les d\u00e9fis du d\u00e9veloppement durable dans le monde.<span class='av-milestone-indicator'><\/span><\/strong><\/h2><div class=\"av-milestone-icon-wrap\"><span class='milestone_icon avia-font-entypo-fontello' ><span class='milestone_inner' ><i class='milestone-char' aria-hidden='true' data-av_icon='\ue89a' data-av_iconfont='entypo-fontello'><\/i><\/span><\/span><\/div><article class='av-milestone-content-wrap'><div class='av-milestone-contentbox' ><div class='av-milestone-content' ><\/div><\/div><footer  class='entry-footer'><\/footer><\/article><\/li>\n<li  class='av-milestone av-animated-generic fade-in av-milestone-even  av-milestone-valign-middle '><h2 class='av-milestone-date  '  id='milestone-vous-souhaitez-en-savoir-plus-sur-la-maniere-de-promouvoir-legalite-des-sexes-et-lemancipation-de-la-femme-sur-le-lieu-de-travail-par-le-biais-de-politiques-et-de-pratiques-allez-da'><strong>Vous souhaitez en savoir plus sur la mani\u00e8re de promouvoir l\u2018\u00e9galit\u00e9 des sexes et l\u2019\u00e9mancipation de la femme sur le lieu de travail par le biais de politiques et de pratiques? ALLEZ dans notre salle de formation en cliquant sur le button: WE-MASTER.<br \/>\n<a href=\"\/fr\/training-room\">WE-MASTER<\/a><span class='av-milestone-indicator'><\/span><\/strong><\/h2><article class='av-milestone-content-wrap'><div class='av-milestone-contentbox' ><div class='av-milestone-content' ><\/div><\/div><footer  class='entry-footer'><\/footer><\/article><div class=\"av-milestone-icon-wrap\"><span class='milestone_icon avia-font-entypo-fontello' ><span class='milestone_inner' ><i class='milestone-char' aria-hidden='true' data-av_icon='\ue89a' data-av_iconfont='entypo-fontello'><\/i><\/span><\/span><\/div><h2 class='av-milestone-date  '  id='milestone-vous-souhaitez-en-savoir-plus-sur-la-maniere-de-promouvoir-legalite-des-sexes-et-lemancipation-de-la-femme-sur-le-lieu-de-travail-par-le-biais-de-politiques-et-de-pratiques-allez-da'><strong>Vous souhaitez en savoir plus sur la mani\u00e8re de promouvoir l\u2018\u00e9galit\u00e9 des sexes et l\u2019\u00e9mancipation de la femme sur le lieu de travail par le biais de politiques et de pratiques? ALLEZ dans notre salle de formation en cliquant sur le button: WE-MASTER.<br \/>\n<a href=\"\/fr\/training-room\">WE-MASTER<\/a><span class='av-milestone-indicator'><\/span><\/strong><\/h2><\/li>\n<\/ul><\/div><\/p><\/div>\n","protected":false},"excerpt":{"rendered":"","protected":false},"author":1,"featured_media":0,"parent":0,"menu_order":0,"comment_status":"closed","ping_status":"closed","template":"","meta":{"footnotes":""},"class_list":["post-990","page","type-page","status-publish","hentry"],"_links":{"self":[{"href":"https:\/\/ewaw.itcilo.org\/fr\/wp-json\/wp\/v2\/pages\/990","targetHints":{"allow":["GET"]}}],"collection":[{"href":"https:\/\/ewaw.itcilo.org\/fr\/wp-json\/wp\/v2\/pages"}],"about":[{"href":"https:\/\/ewaw.itcilo.org\/fr\/wp-json\/wp\/v2\/types\/page"}],"author":[{"embeddable":true,"href":"https:\/\/ewaw.itcilo.org\/fr\/wp-json\/wp\/v2\/users\/1"}],"replies":[{"embeddable":true,"href":"https:\/\/ewaw.itcilo.org\/fr\/wp-json\/wp\/v2\/comments?post=990"}],"version-history":[{"count":13,"href":"https:\/\/ewaw.itcilo.org\/fr\/wp-json\/wp\/v2\/pages\/990\/revisions"}],"predecessor-version":[{"id":1797,"href":"https:\/\/ewaw.itcilo.org\/fr\/wp-json\/wp\/v2\/pages\/990\/revisions\/1797"}],"wp:attachment":[{"href":"https:\/\/ewaw.itcilo.org\/fr\/wp-json\/wp\/v2\/media?parent=990"}],"curies":[{"name":"wp","href":"https:\/\/api.w.org\/{rel}","templated":true}]}}