{"id":2035,"date":"2021-08-09T09:14:10","date_gmt":"2021-08-09T09:14:10","guid":{"rendered":"https:\/\/ewaw.itcilo.org\/?page_id=2035"},"modified":"2021-08-11T09:09:20","modified_gmt":"2021-08-11T09:09:20","slug":"voce-esta-envolvido-na-formualcao-de-politicas","status":"publish","type":"page","link":"https:\/\/ewaw.itcilo.org\/pt-pt\/voce-esta-envolvido-na-formualcao-de-politicas\/","title":{"rendered":"VOC\u00ca EST\u00c1 ENVOLVIDO NA FORMUAL\u00c7\u00c3O DE POL\u00cdTICAS?"},"content":{"rendered":"<div id='av-layout-grid-1'  class='av-layout-grid-container entry-content-wrapper main_color av-flex-cells     avia-builder-el-0  el_before_av_one_full  avia-builder-el-first  many-people container_wrap sidebar_right' style=' '  >\n<div class=\"flex_cell no_margin av_one_half  avia-builder-el-1  el_before_av_cell_one_half  avia-builder-el-first   av-zero-padding \"  style='background: #633c78; vertical-align:middle; padding:0px; background-color:#633c78; ' ><div class='flex_cell_inner' ><p><section class=\"av_textblock_section \"  itemscope=\"itemscope\" itemtype=\"https:\/\/schema.org\/CreativeWork\" ><div class='avia_textblock title-shifted av_inherit_color '  style='color:#ffffff; '  itemprop=\"text\" ><p><span class=\"titled maint\">VOC\u00ca EST\u00c1 ENVOLVIDO NA FORMUAL\u00c7\u00c3O DE POL\u00cdTICAS?<\/span><\/p>\n<\/div><\/section><br \/>\n<div class=\"flex_column av_one_full  no_margin flex_column_div first  avia-builder-el-3  el_after_av_textblock  avia-builder-el-last  column-top-margin\" style='background: #633c78; padding:50px; background-color:#633c78; border-radius:0px; '><section class=\"av_textblock_section \"  itemscope=\"itemscope\" itemtype=\"https:\/\/schema.org\/CreativeWork\" ><div class='avia_textblock  av_inherit_color '  style='color:#ffffff; '  itemprop=\"text\" ><p class=\"p1\"><b>Quais s\u00e3o os benef\u00edcios das pol\u00edticas e pr\u00e1ticas de trabalho inteligentes em termos de g\u00eanero?<\/b><\/p>\n<p class=\"p3\"><span style=\"font-weight: 400;\">Embora muitos governos tenham assumido compromissos para promover a igualdade de g\u00eanero, reconhecendo o seu impacto positivo no desenvolvimento econ\u00f4mico e social e reconhecendo que \u00e9 fundamental para alcan\u00e7ar os Objetivos de Desenvolvimento Sustent\u00e1vel e um Futuro do Trabalho mais brilhante, ainda h\u00e1 muito a ser feito para reduzir as diferen\u00e7as associadas \u00e0 igualdade de g\u00eanero .<\/span><\/p>\n<p class=\"p3\"><span class=\"s1\"><span style=\"font-weight: 400;\">Fato: ao atingir a meta do G20 de &#8220;25 at\u00e9 25&#8221;, i.e., ao reduzir a diferen\u00e7a de g\u00eanero na participa\u00e7\u00e3o da for\u00e7a de trabalho em 25 por cento at\u00e9 2025, o PIB global poderia subir 3,9 por cento, ou US$ 5,8 trilh\u00f5es, de acordo com a OIT.<\/span><\/span><\/p>\n<p>OIT, <a href=\"https:\/\/www.ilo.org\/wcmsp5\/groups\/public\/---dgreports\/---inst\/documents\/publication\/wcms_557245.pdf\" target=\"_blank\" rel=\"noopener noreferrer\">World Employment Social Outlook: Trends for Women, 2017, 18<\/a><\/p>\n<\/div><\/section><\/div><\/p>\n<\/div><\/div><div class=\"flex_cell no_margin av_one_half  avia-builder-el-5  el_after_av_cell_one_half  avia-builder-el-last   \" ><div class='flex_cell_inner' ><\/div><\/div><\/div><div id='after_submenu_1'  class='main_color av_default_container_wrap container_wrap sidebar_right' style=' '  ><div class='container' ><div class='template-page content  av-content-small alpha units'><div class='post-entry post-entry-type-page post-entry-2035'><div class='entry-content-wrapper clearfix'><div class=\"flex_column av_one_full  av-animated-generic fade-in  flex_column_div first  avia-builder-el-6  el_after_av_layout_row  avia-builder-el-no-sibling  cont-time \" style='padding:0px 0px 150px 0px ; border-radius:0px; '><p><div  style='padding-bottom:10px; ' class='av-special-heading av-special-heading-h1  blockquote modern-quote modern-centered  avia-builder-el-7  el_before_av_timeline  avia-builder-el-first  '><h1 class='av-special-heading-tag '  itemprop=\"headline\"  >5 RAZ\u00d5ES<\/h1><div class ='av-subheading av-subheading_below  ' style='font-size:15px;'><p>5 RAZ\u00d5ES PELAS QUAIS a igualdade de g\u00eanero no trabalho deve ser parte integrante das pol\u00edticas p\u00fablicas lideradas pelos governos.<\/p>\n<\/div><div class='special-heading-border'><div class='special-heading-inner-border' ><\/div><\/div><\/div><br \/>\n<div  id=\"avia-timeline-1\"  class='avia-timeline-container    avia-builder-el-8  el_after_av_heading  avia-builder-el-last ' ><ul class='avia-timeline avia-timeline-vertical av-milestone-placement-alternate avia-timeline- avia_animate_when_almost_visible avia-timeline-animate'>\n<li  class='av-milestone av-animated-generic fade-in av-milestone-odd  av-milestone-valign-middle '><h2 class='av-milestone-date  '  id='milestone-a-igualdade-de-genero-e-uma-questaode-direitos'><strong>A igualdade de g\u00eanero \u00e9 uma quest\u00e3o<br \/>\nde DIREITOS.<span class='av-milestone-indicator'><\/span><\/strong><\/h2><div class=\"av-milestone-icon-wrap\"><span class='milestone_icon avia-font-entypo-fontello' ><span class='milestone_inner' ><i class='milestone-char' aria-hidden='true' data-av_icon='\ue89a' data-av_iconfont='entypo-fontello'><\/i><\/span><\/span><\/div><article class='av-milestone-content-wrap'><div class='av-milestone-contentbox' ><div class='av-milestone-content' ><\/div><\/div><footer  class='entry-footer'><\/footer><\/article><\/li>\n<li  class='av-milestone av-animated-generic fade-in av-milestone-even  av-milestone-valign-middle '><h2 class='av-milestone-date  '  id='milestone-um-aumento-do-emprego-das-mulheres-esta-associado-positivamente-ao-crescimento-do-pib-alcancar-a-igualdade-de-genero-pode-contribuir-para-a-economia-mundial-e-ajudar-a-reduzir-a-insuficiencia-de-comp'><strong>Um aumento do emprego das mulheres est\u00e1 associado positivamente ao crescimento do PIB. Alcan\u00e7ar a igualdade de g\u00eanero pode contribuir para a economia mundial e ajudar a reduzir a insufici\u00eancia de compet\u00eancias no crescente setor de tecnologia.<span class='av-milestone-indicator'><\/span><\/strong><\/h2><article class='av-milestone-content-wrap'><div class='av-milestone-contentbox' ><div class='av-milestone-content' ><\/div><\/div><footer  class='entry-footer'><\/footer><\/article><div class=\"av-milestone-icon-wrap\"><span class='milestone_icon avia-font-entypo-fontello' ><span class='milestone_inner' ><i class='milestone-char' aria-hidden='true' data-av_icon='\ue89a' data-av_iconfont='entypo-fontello'><\/i><\/span><\/span><\/div><h2 class='av-milestone-date  '  id='milestone-um-aumento-do-emprego-das-mulheres-esta-associado-positivamente-ao-crescimento-do-pib-alcancar-a-igualdade-de-genero-pode-contribuir-para-a-economia-mundial-e-ajudar-a-reduzir-a-insuficiencia-de-comp'><strong>Um aumento do emprego das mulheres est\u00e1 associado positivamente ao crescimento do PIB. Alcan\u00e7ar a igualdade de g\u00eanero pode contribuir para a economia mundial e ajudar a reduzir a insufici\u00eancia de compet\u00eancias no crescente setor de tecnologia.<span class='av-milestone-indicator'><\/span><\/strong><\/h2><\/li>\n<li  class='av-milestone av-animated-generic fade-in av-milestone-odd  av-milestone-valign-middle '><h2 class='av-milestone-date  '  id='milestone-o-empoderamento-das-mulheres-e-meninas-e-fundamental-para-alcancar-um-mundo-sustentavel-justo-e-inclusivo-e-um-futuro-melhor-para-todos'><strong>O empoderamento das mulheres e meninas \u00e9 fundamental para alcan\u00e7ar um mundo sustent\u00e1vel, justo e INCLUSIVO; e um futuro melhor para todos.<span class='av-milestone-indicator'><\/span><\/strong><\/h2><div class=\"av-milestone-icon-wrap\"><span class='milestone_icon avia-font-entypo-fontello' ><span class='milestone_inner' ><i class='milestone-char' aria-hidden='true' data-av_icon='\ue89a' data-av_iconfont='entypo-fontello'><\/i><\/span><\/span><\/div><article class='av-milestone-content-wrap'><div class='av-milestone-contentbox' ><div class='av-milestone-content' ><\/div><\/div><footer  class='entry-footer'><\/footer><\/article><\/li>\n<li  class='av-milestone av-animated-generic fade-in av-milestone-even  av-milestone-valign-middle '><h2 class='av-milestone-date  '  id='milestone-as-politicas-precisam-apoiar-as-necessidades-crescentes-das-empresas-de-habilidades-flexiveis-e-garantir-que-os-investimentos-na-educacao-das-meninas-e-mulheres-sejam-traduzidos-em-vantagens-competiti'><strong>As pol\u00edticas precisam apoiar as necessidades crescentes das empresas de HABILIDADES FLEX\u00cdVEIS e garantir que os investimentos na educa\u00e7\u00e3o das meninas e mulheres sejam traduzidos em vantagens competitivas para a sociedade e a economia.<span class='av-milestone-indicator'><\/span><\/strong><\/h2><article class='av-milestone-content-wrap'><div class='av-milestone-contentbox' ><div class='av-milestone-content' ><\/div><\/div><footer  class='entry-footer'><\/footer><\/article><div class=\"av-milestone-icon-wrap\"><span class='milestone_icon avia-font-entypo-fontello' ><span class='milestone_inner' ><i class='milestone-char' aria-hidden='true' data-av_icon='\ue89a' data-av_iconfont='entypo-fontello'><\/i><\/span><\/span><\/div><h2 class='av-milestone-date  '  id='milestone-as-politicas-precisam-apoiar-as-necessidades-crescentes-das-empresas-de-habilidades-flexiveis-e-garantir-que-os-investimentos-na-educacao-das-meninas-e-mulheres-sejam-traduzidos-em-vantagens-competiti'><strong>As pol\u00edticas precisam apoiar as necessidades crescentes das empresas de HABILIDADES FLEX\u00cdVEIS e garantir que os investimentos na educa\u00e7\u00e3o das meninas e mulheres sejam traduzidos em vantagens competitivas para a sociedade e a economia.<span class='av-milestone-indicator'><\/span><\/strong><\/h2><\/li>\n<li  class='av-milestone av-animated-generic fade-in av-milestone-odd  av-milestone-valign-middle '><h2 class='av-milestone-date  '  id='milestone-os-objetivos-de-desenvolvimento-sustentavel-apelam-explicitamente-aos-formuladores-de-politicas-para-abordar-as-prioridades-mundiais-e-ao-mesmo-tempo-aumentar-as-oportunidades-para-o-comercio-e-o-de'><strong>Os Objetivos de Desenvolvimento Sustent\u00e1vel apelam explicitamente aos formuladores de pol\u00edticas para abordar as prioridades mundiais e, ao mesmo tempo, aumentar as oportunidades para o com\u00e9rcio e o desenvolvimento do setor privado. As pol\u00edticas p\u00fablicas precisam permitir que as empresas aproveitem ao m\u00e1ximo todos os talentos dispon\u00edveis e invistam, criem e INOVEM para enfrentar os desafios de desenvolvimento sustent\u00e1vel do mundo.<span class='av-milestone-indicator'><\/span><\/strong><\/h2><div class=\"av-milestone-icon-wrap\"><span class='milestone_icon avia-font-entypo-fontello' ><span class='milestone_inner' ><i class='milestone-char' aria-hidden='true' data-av_icon='\ue89a' data-av_iconfont='entypo-fontello'><\/i><\/span><\/span><\/div><article class='av-milestone-content-wrap'><div class='av-milestone-contentbox' ><div class='av-milestone-content' ><\/div><\/div><footer  class='entry-footer'><\/footer><\/article><\/li>\n<li  class='av-milestone av-animated-generic fade-in av-milestone-even  av-milestone-valign-middle '><h2 class='av-milestone-date  '  id='milestone-gostaria-de-saber-mais-sobre-como-promover-a-igualdade-de-genero-e-o-empoderamento-das-mulheres-no-local-de-trabalho-por-meio-de-politicas-e-praticas-va-para-we-master-a-nossa-sala-de-capacitacoes'><strong>Gostaria de saber mais sobre como promover a igualdade de g\u00eanero e o empoderamento das mulheres no local de trabalho por meio de pol\u00edticas e pr\u00e1ticas? V\u00c1 PARA WE-MASTER, a nossa sala de capacita\u00e7\u00f5es.<br \/>\n<a href=\"\/training-room\">WE-MASTER<\/a><span class='av-milestone-indicator'><\/span><\/strong><\/h2><article class='av-milestone-content-wrap'><div class='av-milestone-contentbox' ><div class='av-milestone-content' ><\/div><\/div><footer  class='entry-footer'><\/footer><\/article><div class=\"av-milestone-icon-wrap\"><span class='milestone_icon avia-font-entypo-fontello' ><span class='milestone_inner' ><i class='milestone-char' aria-hidden='true' data-av_icon='\ue89a' data-av_iconfont='entypo-fontello'><\/i><\/span><\/span><\/div><h2 class='av-milestone-date  '  id='milestone-gostaria-de-saber-mais-sobre-como-promover-a-igualdade-de-genero-e-o-empoderamento-das-mulheres-no-local-de-trabalho-por-meio-de-politicas-e-praticas-va-para-we-master-a-nossa-sala-de-capacitacoes'><strong>Gostaria de saber mais sobre como promover a igualdade de g\u00eanero e o empoderamento das mulheres no local de trabalho por meio de pol\u00edticas e pr\u00e1ticas? V\u00c1 PARA WE-MASTER, a nossa sala de capacita\u00e7\u00f5es.<br \/>\n<a href=\"\/training-room\">WE-MASTER<\/a><span class='av-milestone-indicator'><\/span><\/strong><\/h2><\/li>\n<\/ul><\/div><\/p><\/div><\/p>\n","protected":false},"excerpt":{"rendered":"","protected":false},"author":1,"featured_media":0,"parent":0,"menu_order":0,"comment_status":"closed","ping_status":"closed","template":"","meta":{"footnotes":""},"class_list":["post-2035","page","type-page","status-publish","hentry"],"_links":{"self":[{"href":"https:\/\/ewaw.itcilo.org\/pt-pt\/wp-json\/wp\/v2\/pages\/2035","targetHints":{"allow":["GET"]}}],"collection":[{"href":"https:\/\/ewaw.itcilo.org\/pt-pt\/wp-json\/wp\/v2\/pages"}],"about":[{"href":"https:\/\/ewaw.itcilo.org\/pt-pt\/wp-json\/wp\/v2\/types\/page"}],"author":[{"embeddable":true,"href":"https:\/\/ewaw.itcilo.org\/pt-pt\/wp-json\/wp\/v2\/users\/1"}],"replies":[{"embeddable":true,"href":"https:\/\/ewaw.itcilo.org\/pt-pt\/wp-json\/wp\/v2\/comments?post=2035"}],"version-history":[{"count":4,"href":"https:\/\/ewaw.itcilo.org\/pt-pt\/wp-json\/wp\/v2\/pages\/2035\/revisions"}],"predecessor-version":[{"id":2303,"href":"https:\/\/ewaw.itcilo.org\/pt-pt\/wp-json\/wp\/v2\/pages\/2035\/revisions\/2303"}],"wp:attachment":[{"href":"https:\/\/ewaw.itcilo.org\/pt-pt\/wp-json\/wp\/v2\/media?parent=2035"}],"curies":[{"name":"wp","href":"https:\/\/api.w.org\/{rel}","templated":true}]}}