{"id":2163,"date":"2021-08-09T14:49:01","date_gmt":"2021-08-09T14:49:01","guid":{"rendered":"https:\/\/ewaw.itcilo.org\/?page_id=2163"},"modified":"2021-08-09T14:51:15","modified_gmt":"2021-08-09T14:51:15","slug":"we-mentor","status":"publish","type":"page","link":"https:\/\/ewaw.itcilo.org\/pt-pt\/we-mentor\/","title":{"rendered":"We mentor"},"content":{"rendered":"<div id='av-layout-grid-1'  class='av-layout-grid-container entry-content-wrapper main_color av-flex-cells     avia-builder-el-0  el_before_av_section  avia-builder-el-first  many-people container_wrap sidebar_right' style=' '  >\n<div class=\"flex_cell no_margin av_one_half  avia-builder-el-1  el_before_av_cell_one_half  avia-builder-el-first   av-zero-padding \"  style='background: #633c78; vertical-align:middle; padding:0px; background-color:#633c78; ' ><div class='flex_cell_inner' ><section class=\"av_textblock_section \"  itemscope=\"itemscope\" itemtype=\"https:\/\/schema.org\/CreativeWork\" ><div class='avia_textblock title-shifted av_inherit_color '  style='color:#ffffff; '  itemprop=\"text\" ><p><span class=\"titled maint\">WE-MENTOR:<br \/>\nTAILORED SUPPORT AND RESOURCES<\/span><\/p>\n<\/div><\/section>\n<\/div><\/div><div class=\"flex_cell no_margin av_one_half  avia-builder-el-3  el_after_av_cell_one_half  avia-builder-el-last   \" ><div class='flex_cell_inner' ><\/div><\/div>\n<\/div>\n<div id='av_section_1'  class='avia-section main_color avia-section-default avia-no-border-styling  avia-bg-style-scroll  avia-builder-el-4  el_after_av_layout_row  el_before_av_section   container_wrap sidebar_right' style='background-color: #ffffff;  '  ><div class='container' ><div class='template-page content  av-content-small alpha units'><div class='post-entry post-entry-type-page post-entry-2163'><div class='entry-content-wrapper clearfix'>\n<div class='flex_column_table av-equal-height-column-flextable -flextable' ><div class=\"flex_column av_one_half  flex_column_table_cell av-equal-height-column av-align-top av-zero-column-padding first  avia-builder-el-5  el_before_av_one_half  avia-builder-el-first  \" style='border-radius:0px; '><p><div  style='padding-bottom:10px; ' class='av-special-heading av-special-heading-h1  blockquote modern-quote  avia-builder-el-6  el_before_av_textblock  avia-builder-el-first  '><h1 class='av-special-heading-tag '  itemprop=\"headline\"  >WE-MENTOR<\/h1><div class='special-heading-border'><div class='special-heading-inner-border' ><\/div><\/div><\/div><br \/>\n<section class=\"av_textblock_section \"  itemscope=\"itemscope\" itemtype=\"https:\/\/schema.org\/CreativeWork\" ><div class='avia_textblock  av_inherit_color '   itemprop=\"text\" ><p>O WE-MENTOR oferece v\u00e1rias formas de apoio a organiza\u00e7\u00f5es de empregadores ou empresas interessadas em acelerar o progresso para conquistar a igualdade de g\u00eanero.<\/p>\n<p>Confira o ILO SCORE se quiser aprender como a metodologia MIG-SCORE pode ajudar a melhorar a produtividade da empresa.<\/p>\n<\/div><\/section><\/p><\/div><div class='av-flex-placeholder'><\/div><div class=\"flex_column av_one_half  flex_column_table_cell av-equal-height-column av-align-top av-zero-column-padding   avia-builder-el-8  el_after_av_one_half  avia-builder-el-last  \" style='border-radius:0px; '><div  class='avia-video avia-video-16-9   av-lazyload-immediate  av-lazyload-video-embed  '   itemprop=\"video\" itemtype=\"https:\/\/schema.org\/VideoObject\"  data-original_url='https:\/\/www.youtube.com\/watch?v=XfvIgRRdxnY' ><script type='text\/html' class='av-video-tmpl'><div class='avia-iframe-wrap'><iframe loading=\"lazy\" title=\"MIG SCORE Video - English Version\" width=\"1500\" height=\"844\" src=\"https:\/\/www.youtube.com\/embed\/XfvIgRRdxnY?feature=oembed&autoplay=0&loop=0&controls=1&mute=0\" frameborder=\"0\" allow=\"accelerometer; autoplay; clipboard-write; encrypted-media; gyroscope; picture-in-picture\" allowfullscreen><\/iframe><\/div><\/script><div class='av-click-to-play-overlay'><div class=\"avia_playpause_icon\"><\/div><\/div><\/div><\/div><\/div><!--close column table wrapper. Autoclose: 1 -->\n\n<\/div><\/div><\/div><!-- close content main div --><\/div><\/div><div id='av_section_2'  class='avia-section main_color avia-section-default avia-no-border-styling  avia-bg-style-scroll  avia-builder-el-10  el_after_av_section  avia-builder-el-last   container_wrap sidebar_right' style='background-color: #f4f3f3;  '  ><div class='container' ><div class='template-page content  av-content-small alpha units'><div class='post-entry post-entry-type-page post-entry-2163'><div class='entry-content-wrapper clearfix'>\n<div class='flex_column_table av-equal-height-column-flextable -flextable' ><div class=\"flex_column av_one_half  flex_column_table_cell av-equal-height-column av-align-top av-zero-column-padding first  avia-builder-el-11  el_before_av_one_half  avia-builder-el-first  \" style='border-radius:0px; '><p><div  style='padding-bottom:10px; ' class='av-special-heading av-special-heading-h1  blockquote modern-quote  avia-builder-el-12  el_before_av_textblock  avia-builder-el-first  '><h1 class='av-special-heading-tag '  itemprop=\"headline\"  >HELPDESK DA OIT PARA EMPRESAS<\/h1><div class='special-heading-border'><div class='special-heading-inner-border' ><\/div><\/div><\/div><br \/>\n<section class=\"av_textblock_section \"  itemscope=\"itemscope\" itemtype=\"https:\/\/schema.org\/CreativeWork\" ><div class='avia_textblock  '   itemprop=\"text\" ><p>O <a href=\"https:\/\/www.ilo.org\/empent\/areas\/business-helpdesk\/lang--en\/index.htm\">Helpdesk da OIT para Empresas<\/a> \u00e9 o balc\u00e3o \u00fanico para gerentes e trabalhadores de empresas para alinhar melhor as opera\u00e7\u00f5es empresariais \u00e0s normas internacionais do trabalho e construir boas rela\u00e7\u00f5es de trabalho.<\/p>\n<p>Apresenta informa\u00e7\u00f5es e recursos sobre uma grande variedade de temas trabalhistas, todos derivados da Declara\u00e7\u00e3o EMN da OIT, como Perguntas e Respostas e links \u00fateis sobre: \u200b\u200bDiscrimina\u00e7\u00e3o e igualdade, Trabalho infantil, Negocia\u00e7\u00e3o coletiva, Promo\u00e7\u00e3o do emprego, Trabalho for\u00e7ado, Liberdade sindical e direito de organiza\u00e7\u00e3o, Pol\u00edticas gerais, Seguran\u00e7a e sa\u00fade no trabalho (SST), Seguran\u00e7a do emprego, Sal\u00e1rios e benef\u00edcios, Dura\u00e7\u00e3o do trabalho .<\/p>\n<p>Entre em contato com o Helpdesk da OIT para Empresas atrav\u00e9s do email <a href=\"mailto:assistance@ilo.org\">assistance@ilo.org<\/a> para obter informa\u00e7\u00f5es sobre os recursos dispon\u00edveis ou assist\u00eancia t\u00e9cnica para acelerar o progresso nas quest\u00f5es relativas \u00e0 qualidade de g\u00eanero. O servi\u00e7o \u00e9 gratuito e confidencial e est\u00e1 dispon\u00edvel para gerentes de empresas, trabalhadores, ag\u00eancias governamentais, organiza\u00e7\u00f5es de empregadores e de trabalhadores e outras organiza\u00e7\u00f5es interessadas.<\/p>\n<p>Observe que o Helpdesk n\u00e3o d\u00e1 informa\u00e7\u00f5es sobre as leis trabalhistas nacionais ou as pr\u00e1ticas nacionais de rela\u00e7\u00f5es de trabalho. Para obter informa\u00e7\u00f5es espec\u00edficas de cada pa\u00eds, consulte os minist\u00e9rios do trabalho e as organiza\u00e7\u00f5es nacionais de empregadores e de trabalhadores.<\/p>\n<\/div><\/section><\/p><\/div><div class='av-flex-placeholder'><\/div><div class=\"flex_column av_one_half  flex_column_table_cell av-equal-height-column av-align-top av-zero-column-padding   avia-builder-el-14  el_after_av_one_half  avia-builder-el-last  \" style='border-radius:0px; '><p><div  style='padding-bottom:10px; ' class='av-special-heading av-special-heading-h1  blockquote modern-quote  avia-builder-el-15  el_before_av_textblock  avia-builder-el-first  '><h1 class='av-special-heading-tag '  itemprop=\"headline\"  >CENTRO DE RECURSOS<\/h1><div class='special-heading-border'><div class='special-heading-inner-border' ><\/div><\/div><\/div><br \/>\n<section class=\"av_textblock_section \"  itemscope=\"itemscope\" itemtype=\"https:\/\/schema.org\/CreativeWork\" ><div class='avia_textblock  '   itemprop=\"text\" ><p>Confira os recursos do Empower Women para encontrar uma grande variedade de ferramentas, diretrizes e informa\u00e7\u00f5es sobre o que as empresas podem fazer para a capacita\u00e7\u00e3o econ\u00f4mica das mulheres.<\/p>\n<p><a class=\"avia-button avia-icon_select-no avia-color-theme-color avia-size-x-large avia-position-center inverteds\" href=\"https:\/\/www.empowerwomen.org\/pt\/resources\/documents\" target=\"_blank\" rel=\"noopener noreferrer\">VISITE O CENTRO DE RECURSOS<\/a><\/p>\n<\/div><\/section><br \/>\n<div   class='hr hr-default   avia-builder-el-17  el_after_av_textblock  el_before_av_heading '><span class='hr-inner ' ><span class='hr-inner-style'><\/span><\/span><\/div><br \/>\n<div  style='padding-bottom:10px; ' class='av-special-heading av-special-heading-h1  blockquote modern-quote  avia-builder-el-18  el_after_av_hr  el_before_av_textblock  '><h1 class='av-special-heading-tag '  itemprop=\"headline\"  >REDE SOBRE G\u00caNERO DA ORGANIZA\u00c7\u00c3O INTERNACIONAL DE EMPREGADORES (OIE)<\/h1><div class='special-heading-border'><div class='special-heading-inner-border' ><\/div><\/div><\/div><br \/>\n<section class=\"av_textblock_section \"  itemscope=\"itemscope\" itemtype=\"https:\/\/schema.org\/CreativeWork\" ><div class='avia_textblock  '   itemprop=\"text\" ><p>Os membros da OIE e empresas parceiras est\u00e3o comprometidas com a luta contra a discrimina\u00e7\u00e3o de g\u00eanero como prioridade no local de trabalho para ter mudan\u00e7as sustent\u00e1veis \u200b\u200bde longo prazo e colher os benef\u00edcios da diversidade de g\u00eanero. Fa\u00e7a parte da Rede sobre G\u00eanero da OIE para promover a diversidade e a igualdade no local de trabalho.<\/p>\n<p><a class=\"avia-button avia-icon_select-no avia-color-theme-color avia-size-x-large avia-position-center inverteds\" href=\"https:\/\/www.ioe-emp.org\/en\/\" target=\"_blank\" rel=\"noopener noreferrer\">VISITE WWW.IOE.EMP.ORG<\/a><\/p>\n<\/div><\/section><\/p><\/div><\/div><!--close column table wrapper. Autoclose: 1 --><\/div><\/div><\/div><!-- close content main div --><\/div><\/div><div id='after_section_2'  class='main_color av_default_container_wrap container_wrap sidebar_right' style=' '  ><div class='container' ><div class='template-page content  av-content-small alpha units'><div class='post-entry post-entry-type-page post-entry-2163'><div class='entry-content-wrapper clearfix'>\n","protected":false},"excerpt":{"rendered":"","protected":false},"author":1,"featured_media":0,"parent":0,"menu_order":0,"comment_status":"closed","ping_status":"closed","template":"","meta":{"footnotes":""},"class_list":["post-2163","page","type-page","status-publish","hentry"],"_links":{"self":[{"href":"https:\/\/ewaw.itcilo.org\/pt-pt\/wp-json\/wp\/v2\/pages\/2163","targetHints":{"allow":["GET"]}}],"collection":[{"href":"https:\/\/ewaw.itcilo.org\/pt-pt\/wp-json\/wp\/v2\/pages"}],"about":[{"href":"https:\/\/ewaw.itcilo.org\/pt-pt\/wp-json\/wp\/v2\/types\/page"}],"author":[{"embeddable":true,"href":"https:\/\/ewaw.itcilo.org\/pt-pt\/wp-json\/wp\/v2\/users\/1"}],"replies":[{"embeddable":true,"href":"https:\/\/ewaw.itcilo.org\/pt-pt\/wp-json\/wp\/v2\/comments?post=2163"}],"version-history":[{"count":6,"href":"https:\/\/ewaw.itcilo.org\/pt-pt\/wp-json\/wp\/v2\/pages\/2163\/revisions"}],"predecessor-version":[{"id":2194,"href":"https:\/\/ewaw.itcilo.org\/pt-pt\/wp-json\/wp\/v2\/pages\/2163\/revisions\/2194"}],"wp:attachment":[{"href":"https:\/\/ewaw.itcilo.org\/pt-pt\/wp-json\/wp\/v2\/media?parent=2163"}],"curies":[{"name":"wp","href":"https:\/\/api.w.org\/{rel}","templated":true}]}}